{"id":575,"date":"2019-03-03T15:40:32","date_gmt":"2019-03-03T15:40:32","guid":{"rendered":"https:\/\/divetramonto.com\/?page_id=575"},"modified":"2023-04-06T20:18:57","modified_gmt":"2023-04-06T20:18:57","slug":"olupina-francesca-da-rimini","status":"publish","type":"page","link":"https:\/\/divetramonto.com\/hr\/olupina-francesca-da-rimini\/","title":{"rendered":"Olupina Francesca da Rimini"},"content":{"rendered":"<div id='av_section_1'  class='avia-section av-10ni-26b5a46ed8e838bc40a004c11ca8f5c8 main_color avia-section-large avia-no-border-styling  avia-builder-el-0  avia-builder-el-no-sibling  avia-bg-style-scroll container_wrap fullsize'  ><div class='container av-section-cont-open' ><main  role=\"main\" itemprop=\"mainContentOfPage\"  class='template-page content  av-content-full alpha units'><div class='post-entry post-entry-type-page post-entry-575'><div class='entry-content-wrapper clearfix'>\n<div id='av-masonry-1' class='av-masonry av-jrtvfh98-aad6efe9374394d73bb672056e69652b noHover av-flex-size av-large-gap av-hover-overlay- av-masonry-animation-active av-masonry-col-flexible av-caption-always av-caption-style- av-masonry-gallery ' data-post_id=\"575\"><div class=\"av-masonry-container isotope av-js-disabled\"><div class='av-masonry-entry isotope-item av-masonry-item-no-image '><\/div><a href=\"https:\/\/divetramonto.com\/wp-content\/uploads\/2019\/02\/Francesca-da-Rimini.jpg\"  aria-label=\"slika Francesca da Rimini\"  id='av-masonry-1-item-197' data-av-masonry-item='197' class='av-masonry-entry isotope-item post-197 attachment type-attachment status-inherit hentry  av-masonry-item-with-image' title=\"Francesca da Rimini\" alt=\"\"    itemprop=\"thumbnailUrl\" ><div class='av-inner-masonry-sizer'><\/div><figure class='av-inner-masonry main_color'><div class=\"av-masonry-outerimage-container\"><div class='av-masonry-image-container'  ><img decoding=\"async\" width=\"600\" height=\"450\" fetchpriority=\"high\" class=\"wp-image-197 avia-img-lazy-loading-not-197\"  src=\"https:\/\/divetramonto.com\/wp-content\/uploads\/2019\/02\/Francesca-da-Rimini.jpg\" title=\"Francesca da Rimini\" alt=\"\" srcset=\"https:\/\/divetramonto.com\/wp-content\/uploads\/2019\/02\/Francesca-da-Rimini.jpg 600w, https:\/\/divetramonto.com\/wp-content\/uploads\/2019\/02\/Francesca-da-Rimini-300x225.jpg 300w, https:\/\/divetramonto.com\/wp-content\/uploads\/2019\/02\/Francesca-da-Rimini-450x338.jpg 450w\" sizes=\"(max-width: 600px) 100vw, 600px\" \/><\/div><\/div><\/figure><\/a><!--end av-masonry entry--><a href=\"https:\/\/divetramonto.com\/wp-content\/uploads\/2019\/02\/Francesca-da-Rimini-3-1030x773.jpeg\"  aria-label=\"slika Francesca da Rimini 3\"  id='av-masonry-1-item-196' data-av-masonry-item='196' class='av-masonry-entry isotope-item post-196 attachment type-attachment status-inherit hentry  av-masonry-item-with-image' title=\"Francesca da Rimini 3\" alt=\"\"    itemprop=\"thumbnailUrl\" ><div class='av-inner-masonry-sizer'><\/div><figure class='av-inner-masonry main_color'><div class=\"av-masonry-outerimage-container\"><div class='av-masonry-image-container'  ><img decoding=\"async\" width=\"1030\" height=\"773\" fetchpriority=\"high\" class=\"wp-image-196 avia-img-lazy-loading-not-196\"  src=\"https:\/\/divetramonto.com\/wp-content\/uploads\/2019\/02\/Francesca-da-Rimini-3.jpeg\" title=\"Francesca da Rimini 3\" alt=\"\" srcset=\"https:\/\/divetramonto.com\/wp-content\/uploads\/2019\/02\/Francesca-da-Rimini-3.jpeg 1030w, https:\/\/divetramonto.com\/wp-content\/uploads\/2019\/02\/Francesca-da-Rimini-3-300x225.jpeg 300w, https:\/\/divetramonto.com\/wp-content\/uploads\/2019\/02\/Francesca-da-Rimini-3-768x576.jpeg 768w, https:\/\/divetramonto.com\/wp-content\/uploads\/2019\/02\/Francesca-da-Rimini-3-705x529.jpeg 705w, https:\/\/divetramonto.com\/wp-content\/uploads\/2019\/02\/Francesca-da-Rimini-3-450x338.jpeg 450w\" sizes=\"(max-width: 1030px) 100vw, 1030px\" \/><\/div><\/div><\/figure><\/a><!--end av-masonry entry--><a href=\"https:\/\/divetramonto.com\/wp-content\/uploads\/2019\/02\/Francesca-da-Rimini-4.jpg\"  aria-label=\"slika slika bez naslova\"  id='av-masonry-1-item-1079' data-av-masonry-item='1079' class='av-masonry-entry isotope-item post-1079 attachment type-attachment status-inherit hentry  av-masonry-item-with-image' title=\"\" alt=\"\"    itemprop=\"thumbnailUrl\" ><div class='av-inner-masonry-sizer'><\/div><figure class='av-inner-masonry main_color'><div class=\"av-masonry-outerimage-container\"><div class='av-masonry-image-container'  ><img decoding=\"async\" width=\"800\" height=\"600\" fetchpriority=\"high\" class=\"wp-image-1079 avia-img-lazy-loading-not-1079\"  src=\"https:\/\/divetramonto.com\/wp-content\/uploads\/2019\/02\/Francesca-da-Rimini-4.jpg\" title=\"\" alt=\"\" srcset=\"https:\/\/divetramonto.com\/wp-content\/uploads\/2019\/02\/Francesca-da-Rimini-4.jpg 800w, https:\/\/divetramonto.com\/wp-content\/uploads\/2019\/02\/Francesca-da-Rimini-4-300x225.jpg 300w, https:\/\/divetramonto.com\/wp-content\/uploads\/2019\/02\/Francesca-da-Rimini-4-768x576.jpg 768w, https:\/\/divetramonto.com\/wp-content\/uploads\/2019\/02\/Francesca-da-Rimini-4-705x529.jpg 705w, https:\/\/divetramonto.com\/wp-content\/uploads\/2019\/02\/Francesca-da-Rimini-4-450x338.jpg 450w\" sizes=\"(max-width: 800px) 100vw, 800px\" \/><\/div><\/div><\/figure><\/a><!--end av-masonry entry--><a href=\"https:\/\/divetramonto.com\/wp-content\/uploads\/2023\/03\/Tramonto-Francesca-di-Rimini_b-1030x720.jpg\"  aria-label=\"slika Tramonto-Francesca-di-Rimini_b\"  id='av-masonry-1-item-2092' data-av-masonry-item='2092' class='av-masonry-entry isotope-item post-2092 attachment type-attachment status-inherit hentry  av-masonry-item-with-image' title=\"Tramonto-Francesca-di-Rimini_b\" alt=\"\"    itemprop=\"thumbnailUrl\" ><div class='av-inner-masonry-sizer'><\/div><figure class='av-inner-masonry main_color'><div class=\"av-masonry-outerimage-container\"><div class='av-masonry-image-container'  ><img decoding=\"async\" width=\"1172\" height=\"819\" fetchpriority=\"high\" class=\"wp-image-2092 avia-img-lazy-loading-not-2092\"  src=\"https:\/\/divetramonto.com\/wp-content\/uploads\/2023\/03\/Tramonto-Francesca-di-Rimini_b.jpg\" title=\"Tramonto-Francesca-di-Rimini_b\" alt=\"\" srcset=\"https:\/\/divetramonto.com\/wp-content\/uploads\/2023\/03\/Tramonto-Francesca-di-Rimini_b.jpg 1172w, https:\/\/divetramonto.com\/wp-content\/uploads\/2023\/03\/Tramonto-Francesca-di-Rimini_b-300x210.jpg 300w, https:\/\/divetramonto.com\/wp-content\/uploads\/2023\/03\/Tramonto-Francesca-di-Rimini_b-1030x720.jpg 1030w, https:\/\/divetramonto.com\/wp-content\/uploads\/2023\/03\/Tramonto-Francesca-di-Rimini_b-768x537.jpg 768w, https:\/\/divetramonto.com\/wp-content\/uploads\/2023\/03\/Tramonto-Francesca-di-Rimini_b-705x493.jpg 705w\" sizes=\"(max-width: 1172px) 100vw, 1172px\" \/><\/div><\/div><\/figure><\/a><!--end av-masonry entry--><\/div><\/div>\n\n<style type=\"text\/css\" data-created_by=\"avia_inline_auto\" id=\"style-css-av-7enn5-215e4d3481fa7662664a65bd276ddabc\">\n.flex_column.av-7enn5-215e4d3481fa7662664a65bd276ddabc{\nborder-radius:0px 0px 0px 0px;\npadding:0px 0px 0px 0px;\n}\n<\/style>\n<div  class='flex_column av-7enn5-215e4d3481fa7662664a65bd276ddabc av_one_full  avia-builder-el-2  el_after_av_masonry_gallery  el_before_av_one_full  avia-builder-el-first  first flex_column_div av-zero-column-padding  '     ><style type=\"text\/css\" data-created_by=\"avia_inline_auto\" id=\"style-css-av-jrtsvo3n-66fdc8be18f6dc556f6e9ae9cfcd31bd\">\n#top .av_textblock_section.av-jrtsvo3n-66fdc8be18f6dc556f6e9ae9cfcd31bd .avia_textblock{\ntext-align:center;\n}\n<\/style>\n<section  class='av_textblock_section av-jrtsvo3n-66fdc8be18f6dc556f6e9ae9cfcd31bd '   itemscope=\"itemscope\" itemtype=\"https:\/\/schema.org\/CreativeWork\" ><div class='avia_textblock'  itemprop=\"text\" ><p>Francesca da Rimini talijanski je teretni ratni brod izgra\u0111en u Rijeci 1942. Dug je 42 m, \u0161irok 12 m i ukupne te\u017eine 281 tonu.<\/p>\n<p>Zaplijenila ga je njema\u010dka mornarica 1943. i koristila se za prijevoz oru\u017eja za njema\u010dke trupe. Po dolasku iz sjeverne Afrike, 22. 3. 1944. zbog kvara na motoru usidren je kod otoka Kaprija u \u0161ibenskom arhipelagu.<\/p>\n<p>Uo\u010dila su ga dva britanska bombardera &#8220;Spitfire&#8221;, torpedirala na krmeni desni bok i potonula. Le\u017ei na dubini izme\u0111u 38 i 50 metara. Od 3 jarbola, 2 le\u017ee slomljena u pijesku, tre\u0107i je uspravan i uzdi\u017ee se do 28 metara. Na krmi je protuavionski mitraljez, a po olupini stotine mina i razbacanih kutija sa streljivom.<\/p>\n<p>Od ribljih vrsta koje zovu olupinu domom, tu su brojni jastozi, kirnje te pokoja jegulja i jantar. Deverika redovito kru\u017ei i prati svakog novog posjetitelja.<\/p>\n<p>Zaron je pogodan samo za iskusne ronioce.<\/p>\n<\/div><\/section><\/div>\n<style type=\"text\/css\" data-created_by=\"avia_inline_auto\" id=\"style-css-av-7enn5-215e4d3481fa7662664a65bd276ddabc\">\n.flex_column.av-7enn5-215e4d3481fa7662664a65bd276ddabc{\nborder-radius:0px 0px 0px 0px;\npadding:0px 0px 0px 0px;\n}\n<\/style>\n<div  class='flex_column av-7enn5-215e4d3481fa7662664a65bd276ddabc av_one_full  avia-builder-el-4  el_after_av_one_full  avia-builder-el-last  first flex_column_div av-zero-column-padding  column-top-margin'     ><\/div>\n","protected":false},"excerpt":{"rendered":"","protected":false},"author":1,"featured_media":1079,"parent":0,"menu_order":0,"comment_status":"closed","ping_status":"closed","template":"","meta":{"footnotes":""},"class_list":["post-575","page","type-page","status-publish","has-post-thumbnail","hentry"],"yoast_head":"<!-- This site is optimized with the Yoast SEO Premium plugin v27.5 (Yoast SEO v27.5) - https:\/\/yoast.com\/product\/yoast-seo-premium-wordpress\/ -->\n<title>Olupina Francesca da Rimini - Tramonto Diving<\/title>\n<meta name=\"description\" content=\"Brodolom na dubini od 38-50m. Francesca da Rimini je teretni ratni brod, izgra\u0111en 1942. godine u Rijeci, u talijanskom vlasni\u0161tvu. Du\u017eina je 42 m, \u0161irina 12 m, a ukupna te\u017eina 281 tona.\" \/>\n<meta name=\"robots\" content=\"index, follow, max-snippet:-1, max-image-preview:large, max-video-preview:-1\" \/>\n<link rel=\"canonical\" href=\"https:\/\/divetramonto.com\/hr\/olupina-francesca-da-rimini\/\" \/>\n<meta property=\"og:locale\" content=\"hr_HR\" \/>\n<meta property=\"og:type\" content=\"article\" \/>\n<meta property=\"og:title\" content=\"Olupina Francesca da Rimini\" \/>\n<meta property=\"og:description\" content=\"Brodolom na dubini od 38-50m. Francesca da Rimini je teretni ratni brod, izgra\u0111en 1942. godine u Rijeci, u talijanskom vlasni\u0161tvu. Du\u017eina je 42 m, \u0161irina 12 m, a ukupna te\u017eina 281 tona.\" \/>\n<meta property=\"og:url\" content=\"https:\/\/divetramonto.com\/hr\/olupina-francesca-da-rimini\/\" \/>\n<meta property=\"og:site_name\" content=\"Tramonto Diving\" \/>\n<meta property=\"article:publisher\" content=\"https:\/\/www.facebook.com\/DivingCenterTramonto\/\" \/>\n<meta property=\"article:modified_time\" content=\"2023-04-06T20:18:57+00:00\" \/>\n<meta property=\"og:image\" content=\"https:\/\/divetramonto.com\/wp-content\/uploads\/2019\/02\/Francesca-da-Rimini-4.jpg\" \/>\n\t<meta property=\"og:image:width\" content=\"800\" \/>\n\t<meta property=\"og:image:height\" content=\"600\" \/>\n\t<meta property=\"og:image:type\" content=\"image\/jpeg\" \/>\n<meta name=\"twitter:card\" content=\"summary_large_image\" \/>\n<meta name=\"twitter:label1\" content=\"Procijenjeno vrijeme \u010ditanja\" \/>\n\t<meta name=\"twitter:data1\" content=\"2 minute\" \/>\n<script type=\"application\/ld+json\" class=\"yoast-schema-graph\">{\"@context\":\"https:\\\/\\\/schema.org\",\"@graph\":[{\"@type\":\"WebPage\",\"@id\":\"https:\\\/\\\/divetramonto.com\\\/hr\\\/olupina-francesca-da-rimini\\\/\",\"url\":\"https:\\\/\\\/divetramonto.com\\\/hr\\\/olupina-francesca-da-rimini\\\/\",\"name\":\"Olupina Francesca da Rimini - Tramonto Diving\",\"isPartOf\":{\"@id\":\"https:\\\/\\\/divetramonto.com\\\/hr\\\/#website\"},\"primaryImageOfPage\":{\"@id\":\"https:\\\/\\\/divetramonto.com\\\/hr\\\/olupina-francesca-da-rimini\\\/#primaryimage\"},\"image\":{\"@id\":\"https:\\\/\\\/divetramonto.com\\\/hr\\\/olupina-francesca-da-rimini\\\/#primaryimage\"},\"thumbnailUrl\":\"https:\\\/\\\/divetramonto.com\\\/wp-content\\\/uploads\\\/2019\\\/02\\\/Francesca-da-Rimini-4.jpg\",\"datePublished\":\"2019-03-03T15:40:32+00:00\",\"dateModified\":\"2023-04-06T20:18:57+00:00\",\"description\":\"Brodolom na dubini od 38-50m. Francesca da Rimini je teretni ratni brod, izgra\u0111en 1942. godine u Rijeci, u talijanskom vlasni\u0161tvu. Du\u017eina je 42 m, \u0161irina 12 m, a ukupna te\u017eina 281 tona.\",\"breadcrumb\":{\"@id\":\"https:\\\/\\\/divetramonto.com\\\/hr\\\/olupina-francesca-da-rimini\\\/#breadcrumb\"},\"inLanguage\":\"hr\",\"potentialAction\":[{\"@type\":\"ReadAction\",\"target\":[\"https:\\\/\\\/divetramonto.com\\\/hr\\\/olupina-francesca-da-rimini\\\/\"]}]},{\"@type\":\"ImageObject\",\"inLanguage\":\"hr\",\"@id\":\"https:\\\/\\\/divetramonto.com\\\/hr\\\/olupina-francesca-da-rimini\\\/#primaryimage\",\"url\":\"https:\\\/\\\/divetramonto.com\\\/wp-content\\\/uploads\\\/2019\\\/02\\\/Francesca-da-Rimini-4.jpg\",\"contentUrl\":\"https:\\\/\\\/divetramonto.com\\\/wp-content\\\/uploads\\\/2019\\\/02\\\/Francesca-da-Rimini-4.jpg\",\"width\":800,\"height\":600},{\"@type\":\"BreadcrumbList\",\"@id\":\"https:\\\/\\\/divetramonto.com\\\/hr\\\/olupina-francesca-da-rimini\\\/#breadcrumb\",\"itemListElement\":[{\"@type\":\"ListItem\",\"position\":1,\"name\":\"Home\",\"item\":\"https:\\\/\\\/divetramonto.com\\\/hr\\\/\"},{\"@type\":\"ListItem\",\"position\":2,\"name\":\"Olupina Francesca da Rimini\"}]},{\"@type\":\"WebSite\",\"@id\":\"https:\\\/\\\/divetramonto.com\\\/hr\\\/#website\",\"url\":\"https:\\\/\\\/divetramonto.com\\\/hr\\\/\",\"name\":\"Tramonto Diving\",\"description\":\"Murter - Croatia\",\"publisher\":{\"@id\":\"https:\\\/\\\/divetramonto.com\\\/hr\\\/#organization\"},\"potentialAction\":[{\"@type\":\"SearchAction\",\"target\":{\"@type\":\"EntryPoint\",\"urlTemplate\":\"https:\\\/\\\/divetramonto.com\\\/hr\\\/?s={search_term_string}\"},\"query-input\":{\"@type\":\"PropertyValueSpecification\",\"valueRequired\":true,\"valueName\":\"search_term_string\"}}],\"inLanguage\":\"hr\"},{\"@type\":[\"Organization\",\"Place\"],\"@id\":\"https:\\\/\\\/divetramonto.com\\\/hr\\\/#organization\",\"name\":\"TRAMONTO DIVING\",\"alternateName\":\"TRAMONTO\",\"url\":\"https:\\\/\\\/divetramonto.com\\\/hr\\\/\",\"logo\":{\"@id\":\"https:\\\/\\\/divetramonto.com\\\/hr\\\/olupina-francesca-da-rimini\\\/#local-main-organization-logo\"},\"image\":{\"@id\":\"https:\\\/\\\/divetramonto.com\\\/hr\\\/olupina-francesca-da-rimini\\\/#local-main-organization-logo\"},\"sameAs\":[\"https:\\\/\\\/www.facebook.com\\\/DivingCenterTramonto\\\/\",\"https:\\\/\\\/www.instagram.com\\\/divetramonto\\\/\"],\"description\":\"TRAMONTO DIVING\",\"address\":{\"@id\":\"https:\\\/\\\/divetramonto.com\\\/hr\\\/olupina-francesca-da-rimini\\\/#local-main-place-address\"},\"geo\":{\"@type\":\"GeoCoordinates\",\"latitude\":\"43.7991737\",\"longitude\":\"15.340183\"},\"telephone\":[\"+385 98 843 233\"],\"contactPoint\":{\"@type\":\"ContactPoint\",\"telephone\":\"+385 98 843 233\",\"email\":\"divetramonto@divetramonto.com\"},\"openingHoursSpecification\":[{\"@type\":\"OpeningHoursSpecification\",\"dayOfWeek\":[\"Monday\",\"Tuesday\",\"Wednesday\",\"Thursday\",\"Friday\",\"Saturday\",\"Sunday\"],\"opens\":\"09:00\",\"closes\":\"18:00\"}],\"email\":\"divetramonto@divetramonto.com\",\"vatID\":\"HR31722441146\",\"taxID\":\"HR31722441146\"},{\"@type\":\"PostalAddress\",\"@id\":\"https:\\\/\\\/divetramonto.com\\\/hr\\\/olupina-francesca-da-rimini\\\/#local-main-place-address\",\"streetAddress\":\"Stjepana Radi\u0107a 13\",\"addressLocality\":\"Tisno\",\"postalCode\":\"22240\",\"addressCountry\":\"HR\"},{\"@type\":\"ImageObject\",\"inLanguage\":\"hr\",\"@id\":\"https:\\\/\\\/divetramonto.com\\\/hr\\\/olupina-francesca-da-rimini\\\/#local-main-organization-logo\",\"url\":\"https:\\\/\\\/divetramonto.com\\\/wp-content\\\/uploads\\\/2019\\\/01\\\/tramonto-logo.png\",\"contentUrl\":\"https:\\\/\\\/divetramonto.com\\\/wp-content\\\/uploads\\\/2019\\\/01\\\/tramonto-logo.png\",\"width\":960,\"height\":960,\"caption\":\"TRAMONTO DIVING\"}]}<\/script>\n<meta name=\"geo.placename\" content=\"Tisno\" \/>\n<meta name=\"geo.position\" content=\"43.7991737;15.340183\" \/>\n<meta name=\"geo.region\" content=\"Croatia\" \/>\n<!-- \/ Yoast SEO Premium plugin. -->","yoast_head_json":{"title":"Olupina Francesca da Rimini - Tramonto Diving","description":"Brodolom na dubini od 38-50m. Francesca da Rimini je teretni ratni brod, izgra\u0111en 1942. godine u Rijeci, u talijanskom vlasni\u0161tvu. Du\u017eina je 42 m, \u0161irina 12 m, a ukupna te\u017eina 281 tona.","robots":{"index":"index","follow":"follow","max-snippet":"max-snippet:-1","max-image-preview":"max-image-preview:large","max-video-preview":"max-video-preview:-1"},"canonical":"https:\/\/divetramonto.com\/hr\/olupina-francesca-da-rimini\/","og_locale":"hr_HR","og_type":"article","og_title":"Olupina Francesca da Rimini","og_description":"Brodolom na dubini od 38-50m. Francesca da Rimini je teretni ratni brod, izgra\u0111en 1942. godine u Rijeci, u talijanskom vlasni\u0161tvu. Du\u017eina je 42 m, \u0161irina 12 m, a ukupna te\u017eina 281 tona.","og_url":"https:\/\/divetramonto.com\/hr\/olupina-francesca-da-rimini\/","og_site_name":"Tramonto Diving","article_publisher":"https:\/\/www.facebook.com\/DivingCenterTramonto\/","article_modified_time":"2023-04-06T20:18:57+00:00","og_image":[{"width":800,"height":600,"url":"https:\/\/divetramonto.com\/wp-content\/uploads\/2019\/02\/Francesca-da-Rimini-4.jpg","type":"image\/jpeg"}],"twitter_card":"summary_large_image","twitter_misc":{"Procijenjeno vrijeme \u010ditanja":"2 minute"},"schema":{"@context":"https:\/\/schema.org","@graph":[{"@type":"WebPage","@id":"https:\/\/divetramonto.com\/hr\/olupina-francesca-da-rimini\/","url":"https:\/\/divetramonto.com\/hr\/olupina-francesca-da-rimini\/","name":"Olupina Francesca da Rimini - Tramonto Diving","isPartOf":{"@id":"https:\/\/divetramonto.com\/hr\/#website"},"primaryImageOfPage":{"@id":"https:\/\/divetramonto.com\/hr\/olupina-francesca-da-rimini\/#primaryimage"},"image":{"@id":"https:\/\/divetramonto.com\/hr\/olupina-francesca-da-rimini\/#primaryimage"},"thumbnailUrl":"https:\/\/divetramonto.com\/wp-content\/uploads\/2019\/02\/Francesca-da-Rimini-4.jpg","datePublished":"2019-03-03T15:40:32+00:00","dateModified":"2023-04-06T20:18:57+00:00","description":"Brodolom na dubini od 38-50m. Francesca da Rimini je teretni ratni brod, izgra\u0111en 1942. godine u Rijeci, u talijanskom vlasni\u0161tvu. Du\u017eina je 42 m, \u0161irina 12 m, a ukupna te\u017eina 281 tona.","breadcrumb":{"@id":"https:\/\/divetramonto.com\/hr\/olupina-francesca-da-rimini\/#breadcrumb"},"inLanguage":"hr","potentialAction":[{"@type":"ReadAction","target":["https:\/\/divetramonto.com\/hr\/olupina-francesca-da-rimini\/"]}]},{"@type":"ImageObject","inLanguage":"hr","@id":"https:\/\/divetramonto.com\/hr\/olupina-francesca-da-rimini\/#primaryimage","url":"https:\/\/divetramonto.com\/wp-content\/uploads\/2019\/02\/Francesca-da-Rimini-4.jpg","contentUrl":"https:\/\/divetramonto.com\/wp-content\/uploads\/2019\/02\/Francesca-da-Rimini-4.jpg","width":800,"height":600},{"@type":"BreadcrumbList","@id":"https:\/\/divetramonto.com\/hr\/olupina-francesca-da-rimini\/#breadcrumb","itemListElement":[{"@type":"ListItem","position":1,"name":"Home","item":"https:\/\/divetramonto.com\/hr\/"},{"@type":"ListItem","position":2,"name":"Olupina Francesca da Rimini"}]},{"@type":"WebSite","@id":"https:\/\/divetramonto.com\/hr\/#website","url":"https:\/\/divetramonto.com\/hr\/","name":"Tramonto Diving","description":"Murter - Croatia","publisher":{"@id":"https:\/\/divetramonto.com\/hr\/#organization"},"potentialAction":[{"@type":"SearchAction","target":{"@type":"EntryPoint","urlTemplate":"https:\/\/divetramonto.com\/hr\/?s={search_term_string}"},"query-input":{"@type":"PropertyValueSpecification","valueRequired":true,"valueName":"search_term_string"}}],"inLanguage":"hr"},{"@type":["Organization","Place"],"@id":"https:\/\/divetramonto.com\/hr\/#organization","name":"TRAMONTO DIVING","alternateName":"TRAMONTO","url":"https:\/\/divetramonto.com\/hr\/","logo":{"@id":"https:\/\/divetramonto.com\/hr\/olupina-francesca-da-rimini\/#local-main-organization-logo"},"image":{"@id":"https:\/\/divetramonto.com\/hr\/olupina-francesca-da-rimini\/#local-main-organization-logo"},"sameAs":["https:\/\/www.facebook.com\/DivingCenterTramonto\/","https:\/\/www.instagram.com\/divetramonto\/"],"description":"TRAMONTO DIVING","address":{"@id":"https:\/\/divetramonto.com\/hr\/olupina-francesca-da-rimini\/#local-main-place-address"},"geo":{"@type":"GeoCoordinates","latitude":"43.7991737","longitude":"15.340183"},"telephone":["+385 98 843 233"],"contactPoint":{"@type":"ContactPoint","telephone":"+385 98 843 233","email":"divetramonto@divetramonto.com"},"openingHoursSpecification":[{"@type":"OpeningHoursSpecification","dayOfWeek":["Monday","Tuesday","Wednesday","Thursday","Friday","Saturday","Sunday"],"opens":"09:00","closes":"18:00"}],"email":"divetramonto@divetramonto.com","vatID":"HR31722441146","taxID":"HR31722441146"},{"@type":"PostalAddress","@id":"https:\/\/divetramonto.com\/hr\/olupina-francesca-da-rimini\/#local-main-place-address","streetAddress":"Stjepana Radi\u0107a 13","addressLocality":"Tisno","postalCode":"22240","addressCountry":"HR"},{"@type":"ImageObject","inLanguage":"hr","@id":"https:\/\/divetramonto.com\/hr\/olupina-francesca-da-rimini\/#local-main-organization-logo","url":"https:\/\/divetramonto.com\/wp-content\/uploads\/2019\/01\/tramonto-logo.png","contentUrl":"https:\/\/divetramonto.com\/wp-content\/uploads\/2019\/01\/tramonto-logo.png","width":960,"height":960,"caption":"TRAMONTO DIVING"}]},"geo.placename":"Tisno","geo.position":{"lat":"43.7991737","long":"15.340183"},"geo.region":"Croatia"},"_links":{"self":[{"href":"https:\/\/divetramonto.com\/hr\/wp-json\/wp\/v2\/pages\/575","targetHints":{"allow":["GET"]}}],"collection":[{"href":"https:\/\/divetramonto.com\/hr\/wp-json\/wp\/v2\/pages"}],"about":[{"href":"https:\/\/divetramonto.com\/hr\/wp-json\/wp\/v2\/types\/page"}],"author":[{"embeddable":true,"href":"https:\/\/divetramonto.com\/hr\/wp-json\/wp\/v2\/users\/1"}],"replies":[{"embeddable":true,"href":"https:\/\/divetramonto.com\/hr\/wp-json\/wp\/v2\/comments?post=575"}],"version-history":[{"count":14,"href":"https:\/\/divetramonto.com\/hr\/wp-json\/wp\/v2\/pages\/575\/revisions"}],"predecessor-version":[{"id":2734,"href":"https:\/\/divetramonto.com\/hr\/wp-json\/wp\/v2\/pages\/575\/revisions\/2734"}],"wp:featuredmedia":[{"embeddable":true,"href":"https:\/\/divetramonto.com\/hr\/wp-json\/wp\/v2\/media\/1079"}],"wp:attachment":[{"href":"https:\/\/divetramonto.com\/hr\/wp-json\/wp\/v2\/media?parent=575"}],"curies":[{"name":"wp","href":"https:\/\/api.w.org\/{rel}","templated":true}]}}