{"id":1817,"date":"2023-01-23T08:39:22","date_gmt":"2023-01-23T08:39:22","guid":{"rendered":"https:\/\/divetramonto.com\/olupina-plavi-jadran\/"},"modified":"2023-04-07T05:24:22","modified_gmt":"2023-04-07T05:24:22","slug":"olupina-plavi-jadran","status":"publish","type":"page","link":"https:\/\/divetramonto.com\/hr\/olupina-plavi-jadran\/","title":{"rendered":"Olupina &#8220;Plavi Jadran&#8221;"},"content":{"rendered":"<div id='av_section_1'  class='avia-section av-10ni-26b5a46ed8e838bc40a004c11ca8f5c8 main_color avia-section-large avia-no-border-styling  avia-builder-el-0  avia-builder-el-no-sibling  avia-bg-style-scroll container_wrap fullsize'  ><div class='container av-section-cont-open' ><main  role=\"main\" itemprop=\"mainContentOfPage\"  class='template-page content  av-content-full alpha units'><div class='post-entry post-entry-type-page post-entry-1817'><div class='entry-content-wrapper clearfix'>\n<div id='av-masonry-1' class='av-masonry av-lfmftzi3-b3a0f115fd13bc60607bf684697f8c4d noHover av-flex-size av-large-gap av-hover-overlay-active av-masonry-animation-active av-masonry-col-flexible av-caption-always av-caption-style- av-masonry-gallery ' data-post_id=\"1817\"><div class=\"av-masonry-container isotope av-js-disabled\"><div class='av-masonry-entry isotope-item av-masonry-item-no-image '><\/div><a href=\"https:\/\/divetramonto.com\/wp-content\/uploads\/2023\/01\/PlaviJadran_04.png-1030x572.jpg\"  aria-label=\"slika PlaviJadran_04.png\"  id='av-masonry-1-item-1785' data-av-masonry-item='1785' class='av-masonry-entry isotope-item post-1785 attachment type-attachment status-inherit hentry  av-masonry-item-with-image' title=\"PlaviJadran_04.png\" alt=\"\"    itemprop=\"thumbnailUrl\" ><div class='av-inner-masonry-sizer'><\/div><figure class='av-inner-masonry main_color'><div class=\"av-masonry-outerimage-container\"><div class='av-masonry-image-container'  ><img decoding=\"async\" width=\"1191\" height=\"661\" fetchpriority=\"high\" class=\"wp-image-1785 avia-img-lazy-loading-not-1785\"  src=\"https:\/\/divetramonto.com\/wp-content\/uploads\/2023\/01\/PlaviJadran_04.png.jpg\" title=\"PlaviJadran_04.png\" alt=\"\" srcset=\"https:\/\/divetramonto.com\/wp-content\/uploads\/2023\/01\/PlaviJadran_04.png.jpg 1191w, https:\/\/divetramonto.com\/wp-content\/uploads\/2023\/01\/PlaviJadran_04.png-300x166.jpg 300w, https:\/\/divetramonto.com\/wp-content\/uploads\/2023\/01\/PlaviJadran_04.png-1030x572.jpg 1030w, https:\/\/divetramonto.com\/wp-content\/uploads\/2023\/01\/PlaviJadran_04.png-768x426.jpg 768w, https:\/\/divetramonto.com\/wp-content\/uploads\/2023\/01\/PlaviJadran_04.png-705x391.jpg 705w\" sizes=\"(max-width: 1191px) 100vw, 1191px\" \/><\/div><\/div><\/figure><\/a><!--end av-masonry entry--><a href=\"https:\/\/divetramonto.com\/wp-content\/uploads\/2023\/03\/plavi_jadran_02-1030x577.jpg\"  aria-label=\"slika plavi_jadran_02\"  id='av-masonry-1-item-2058' data-av-masonry-item='2058' class='av-masonry-entry isotope-item post-2058 attachment type-attachment status-inherit hentry  av-masonry-item-with-image' title=\"plavi_jadran_02\" alt=\"\"    itemprop=\"thumbnailUrl\" ><div class='av-inner-masonry-sizer'><\/div><figure class='av-inner-masonry main_color'><div class=\"av-masonry-outerimage-container\"><div class='av-masonry-image-container'  ><img decoding=\"async\" width=\"1443\" height=\"809\" fetchpriority=\"high\" class=\"wp-image-2058 avia-img-lazy-loading-not-2058\"  src=\"https:\/\/divetramonto.com\/wp-content\/uploads\/2023\/03\/plavi_jadran_02.jpg\" title=\"plavi_jadran_02\" alt=\"\" srcset=\"https:\/\/divetramonto.com\/wp-content\/uploads\/2023\/03\/plavi_jadran_02.jpg 1443w, https:\/\/divetramonto.com\/wp-content\/uploads\/2023\/03\/plavi_jadran_02-300x168.jpg 300w, https:\/\/divetramonto.com\/wp-content\/uploads\/2023\/03\/plavi_jadran_02-1030x577.jpg 1030w, https:\/\/divetramonto.com\/wp-content\/uploads\/2023\/03\/plavi_jadran_02-768x431.jpg 768w, https:\/\/divetramonto.com\/wp-content\/uploads\/2023\/03\/plavi_jadran_02-705x395.jpg 705w\" sizes=\"(max-width: 1443px) 100vw, 1443px\" \/><\/div><\/div><\/figure><\/a><!--end av-masonry entry--><a href=\"https:\/\/divetramonto.com\/wp-content\/uploads\/2022\/05\/DiveTramonto-8.jpg\"  aria-label=\"slika Plavi Jadran\"  id='av-masonry-1-item-1496' data-av-masonry-item='1496' class='av-masonry-entry isotope-item post-1496 attachment type-attachment status-inherit hentry  av-masonry-item-with-image' title=\"Plavi Jadran\" alt=\"\"    itemprop=\"thumbnailUrl\" ><div class='av-inner-masonry-sizer'><\/div><figure class='av-inner-masonry main_color'><div class=\"av-masonry-outerimage-container\"><div class='av-masonry-image-container'  ><img decoding=\"async\" width=\"932\" height=\"621\" fetchpriority=\"high\" class=\"wp-image-1496 avia-img-lazy-loading-not-1496\"  src=\"https:\/\/divetramonto.com\/wp-content\/uploads\/2022\/05\/DiveTramonto-8.jpg\" title=\"Plavi Jadran\" alt=\"\" srcset=\"https:\/\/divetramonto.com\/wp-content\/uploads\/2022\/05\/DiveTramonto-8.jpg 932w, https:\/\/divetramonto.com\/wp-content\/uploads\/2022\/05\/DiveTramonto-8-300x200.jpg 300w, https:\/\/divetramonto.com\/wp-content\/uploads\/2022\/05\/DiveTramonto-8-768x512.jpg 768w, https:\/\/divetramonto.com\/wp-content\/uploads\/2022\/05\/DiveTramonto-8-705x470.jpg 705w\" sizes=\"(max-width: 932px) 100vw, 932px\" \/><\/div><\/div><\/figure><\/a><!--end av-masonry entry--><a href=\"https:\/\/divetramonto.com\/wp-content\/uploads\/2023\/03\/Tramonto-Plavi-Jadran_b-1030x739.jpg\"  aria-label=\"slika Tramonto-Plavi-Jadran_b\"  id='av-masonry-1-item-2140' data-av-masonry-item='2140' class='av-masonry-entry isotope-item post-2140 attachment type-attachment status-inherit hentry  av-masonry-item-with-image' title=\"Tramonto-Plavi-Jadran_b\" alt=\"\"    itemprop=\"thumbnailUrl\" ><div class='av-inner-masonry-sizer'><\/div><figure class='av-inner-masonry main_color'><div class=\"av-masonry-outerimage-container\"><div class='av-masonry-image-container'  ><img decoding=\"async\" width=\"1213\" height=\"870\" fetchpriority=\"high\" class=\"wp-image-2140 avia-img-lazy-loading-not-2140\"  src=\"https:\/\/divetramonto.com\/wp-content\/uploads\/2023\/03\/Tramonto-Plavi-Jadran_b.jpg\" title=\"Tramonto-Plavi-Jadran_b\" alt=\"\" srcset=\"https:\/\/divetramonto.com\/wp-content\/uploads\/2023\/03\/Tramonto-Plavi-Jadran_b.jpg 1213w, https:\/\/divetramonto.com\/wp-content\/uploads\/2023\/03\/Tramonto-Plavi-Jadran_b-300x215.jpg 300w, https:\/\/divetramonto.com\/wp-content\/uploads\/2023\/03\/Tramonto-Plavi-Jadran_b-1030x739.jpg 1030w, https:\/\/divetramonto.com\/wp-content\/uploads\/2023\/03\/Tramonto-Plavi-Jadran_b-768x551.jpg 768w, https:\/\/divetramonto.com\/wp-content\/uploads\/2023\/03\/Tramonto-Plavi-Jadran_b-260x185.jpg 260w, https:\/\/divetramonto.com\/wp-content\/uploads\/2023\/03\/Tramonto-Plavi-Jadran_b-705x506.jpg 705w\" sizes=\"(max-width: 1213px) 100vw, 1213px\" \/><\/div><\/div><\/figure><\/a><!--end av-masonry entry--><\/div><\/div>\n\n<style type=\"text\/css\" data-created_by=\"avia_inline_auto\" id=\"style-css-av-7enn5-215e4d3481fa7662664a65bd276ddabc\">\n.flex_column.av-7enn5-215e4d3481fa7662664a65bd276ddabc{\nborder-radius:0px 0px 0px 0px;\npadding:0px 0px 0px 0px;\n}\n<\/style>\n<div  class='flex_column av-7enn5-215e4d3481fa7662664a65bd276ddabc av_one_full  avia-builder-el-2  el_after_av_masonry_gallery  avia-builder-el-no-sibling  first flex_column_div av-zero-column-padding  '     ><section  class='av_textblock_section av-jrtsvo3n-aa0b5286ecac31cd74bbfe9154f9f829 '   itemscope=\"itemscope\" itemtype=\"https:\/\/schema.org\/CreativeWork\" ><div class='avia_textblock'  itemprop=\"text\" ><p style=\"text-align: center;\">Brod je izgra\u0111en 1952. godine u brodogradili\u0161tu 3. maj u Rijeci, a slu\u017eio je za prijevoz tereta uglavnom cementa.<br \/>\n30-metarski teretni brod Plavi Jadran, koji je potonuo nakon sudara s Jadrolinijinom Tijatom 2018. godine, le\u017ei na dnu kod na dubini od 22 metra od obale otoka Prvi\u0107a.<\/p>\n<p style=\"text-align: center;\">U trenutku sudara na teretnom brodu bila su dva \u010dlana posade, kapetan i vlasnik broda J.J. i jedan \u010dlan posade koji je sko\u010dio u more s broda koji je tonuo. Jednog brodolomnika neozlije\u0111enog je iz mora izvukao o\u010devidac sa sinovima, dok je drugi doplivao do obale gdje su obojicu zbrinuli Prvi\u0107ani.<\/p>\n<\/div><\/section><\/div>\n","protected":false},"excerpt":{"rendered":"","protected":false},"author":2,"featured_media":1776,"parent":0,"menu_order":0,"comment_status":"closed","ping_status":"closed","template":"","meta":{"footnotes":""},"class_list":["post-1817","page","type-page","status-publish","has-post-thumbnail","hentry"],"yoast_head":"<!-- This site is optimized with the Yoast SEO Premium plugin v27.5 (Yoast SEO v27.5) - https:\/\/yoast.com\/product\/yoast-seo-premium-wordpress\/ -->\n<title>Olupina &quot;Plavi Jadran&quot; - Tramonto Diving<\/title>\n<meta name=\"description\" content=\"Brod je izgra\u0111en 1952. godine u brodogradili\u0161tu 3. maj u Rijeci, a slu\u017eio je za prijevoz tereta uglavnom cementa. 30-metarski teretni brod Plavi Jadran, koji je potonuo nakon sudara s Jadrolinijinom Tijatom 2018. godine, le\u017ei na dnu kod na dubini od 22 metra od obale otoka Prvi\u0107a.\" \/>\n<meta name=\"robots\" content=\"index, follow, max-snippet:-1, max-image-preview:large, max-video-preview:-1\" \/>\n<link rel=\"canonical\" href=\"https:\/\/divetramonto.com\/hr\/olupina-plavi-jadran\/\" \/>\n<meta property=\"og:locale\" content=\"hr_HR\" \/>\n<meta property=\"og:type\" content=\"article\" \/>\n<meta property=\"og:title\" content=\"Olupina &quot;Plavi Jadran&quot;\" \/>\n<meta property=\"og:description\" content=\"Brod je izgra\u0111en 1952. godine u brodogradili\u0161tu 3. maj u Rijeci, a slu\u017eio je za prijevoz tereta uglavnom cementa. 30-metarski teretni brod Plavi Jadran, koji je potonuo nakon sudara s Jadrolinijinom Tijatom 2018. godine, le\u017ei na dnu kod na dubini od 22 metra od obale otoka Prvi\u0107a.\" \/>\n<meta property=\"og:url\" content=\"https:\/\/divetramonto.com\/hr\/olupina-plavi-jadran\/\" \/>\n<meta property=\"og:site_name\" content=\"Tramonto Diving\" \/>\n<meta property=\"article:publisher\" content=\"https:\/\/www.facebook.com\/DivingCenterTramonto\/\" \/>\n<meta property=\"article:modified_time\" content=\"2023-04-07T05:24:22+00:00\" \/>\n<meta property=\"og:image\" content=\"https:\/\/divetramonto.com\/wp-content\/uploads\/2023\/01\/PlaviJadran_01.png.jpg\" \/>\n\t<meta property=\"og:image:width\" content=\"1189\" \/>\n\t<meta property=\"og:image:height\" content=\"656\" \/>\n\t<meta property=\"og:image:type\" content=\"image\/jpeg\" \/>\n<meta name=\"twitter:card\" content=\"summary_large_image\" \/>\n<meta name=\"twitter:label1\" content=\"Procijenjeno vrijeme \u010ditanja\" \/>\n\t<meta name=\"twitter:data1\" content=\"1 minuta\" \/>\n<script type=\"application\/ld+json\" class=\"yoast-schema-graph\">{\"@context\":\"https:\\\/\\\/schema.org\",\"@graph\":[{\"@type\":\"WebPage\",\"@id\":\"https:\\\/\\\/divetramonto.com\\\/hr\\\/olupina-plavi-jadran\\\/\",\"url\":\"https:\\\/\\\/divetramonto.com\\\/hr\\\/olupina-plavi-jadran\\\/\",\"name\":\"Olupina \\\"Plavi Jadran\\\" - Tramonto Diving\",\"isPartOf\":{\"@id\":\"https:\\\/\\\/divetramonto.com\\\/hr\\\/#website\"},\"primaryImageOfPage\":{\"@id\":\"https:\\\/\\\/divetramonto.com\\\/hr\\\/olupina-plavi-jadran\\\/#primaryimage\"},\"image\":{\"@id\":\"https:\\\/\\\/divetramonto.com\\\/hr\\\/olupina-plavi-jadran\\\/#primaryimage\"},\"thumbnailUrl\":\"https:\\\/\\\/divetramonto.com\\\/wp-content\\\/uploads\\\/2023\\\/01\\\/PlaviJadran_01.png.jpg\",\"datePublished\":\"2023-01-23T08:39:22+00:00\",\"dateModified\":\"2023-04-07T05:24:22+00:00\",\"description\":\"Brod je izgra\u0111en 1952. godine u brodogradili\u0161tu 3. maj u Rijeci, a slu\u017eio je za prijevoz tereta uglavnom cementa. 30-metarski teretni brod Plavi Jadran, koji je potonuo nakon sudara s Jadrolinijinom Tijatom 2018. godine, le\u017ei na dnu kod na dubini od 22 metra od obale otoka Prvi\u0107a.\",\"breadcrumb\":{\"@id\":\"https:\\\/\\\/divetramonto.com\\\/hr\\\/olupina-plavi-jadran\\\/#breadcrumb\"},\"inLanguage\":\"hr\",\"potentialAction\":[{\"@type\":\"ReadAction\",\"target\":[\"https:\\\/\\\/divetramonto.com\\\/hr\\\/olupina-plavi-jadran\\\/\"]}]},{\"@type\":\"ImageObject\",\"inLanguage\":\"hr\",\"@id\":\"https:\\\/\\\/divetramonto.com\\\/hr\\\/olupina-plavi-jadran\\\/#primaryimage\",\"url\":\"https:\\\/\\\/divetramonto.com\\\/wp-content\\\/uploads\\\/2023\\\/01\\\/PlaviJadran_01.png.jpg\",\"contentUrl\":\"https:\\\/\\\/divetramonto.com\\\/wp-content\\\/uploads\\\/2023\\\/01\\\/PlaviJadran_01.png.jpg\",\"width\":1189,\"height\":656},{\"@type\":\"BreadcrumbList\",\"@id\":\"https:\\\/\\\/divetramonto.com\\\/hr\\\/olupina-plavi-jadran\\\/#breadcrumb\",\"itemListElement\":[{\"@type\":\"ListItem\",\"position\":1,\"name\":\"Home\",\"item\":\"https:\\\/\\\/divetramonto.com\\\/hr\\\/\"},{\"@type\":\"ListItem\",\"position\":2,\"name\":\"Olupina &#8220;Plavi Jadran&#8221;\"}]},{\"@type\":\"WebSite\",\"@id\":\"https:\\\/\\\/divetramonto.com\\\/hr\\\/#website\",\"url\":\"https:\\\/\\\/divetramonto.com\\\/hr\\\/\",\"name\":\"Tramonto Diving\",\"description\":\"Murter - Croatia\",\"publisher\":{\"@id\":\"https:\\\/\\\/divetramonto.com\\\/hr\\\/#organization\"},\"potentialAction\":[{\"@type\":\"SearchAction\",\"target\":{\"@type\":\"EntryPoint\",\"urlTemplate\":\"https:\\\/\\\/divetramonto.com\\\/hr\\\/?s={search_term_string}\"},\"query-input\":{\"@type\":\"PropertyValueSpecification\",\"valueRequired\":true,\"valueName\":\"search_term_string\"}}],\"inLanguage\":\"hr\"},{\"@type\":[\"Organization\",\"Place\"],\"@id\":\"https:\\\/\\\/divetramonto.com\\\/hr\\\/#organization\",\"name\":\"TRAMONTO DIVING\",\"alternateName\":\"TRAMONTO\",\"url\":\"https:\\\/\\\/divetramonto.com\\\/hr\\\/\",\"logo\":{\"@id\":\"https:\\\/\\\/divetramonto.com\\\/hr\\\/olupina-plavi-jadran\\\/#local-main-organization-logo\"},\"image\":{\"@id\":\"https:\\\/\\\/divetramonto.com\\\/hr\\\/olupina-plavi-jadran\\\/#local-main-organization-logo\"},\"sameAs\":[\"https:\\\/\\\/www.facebook.com\\\/DivingCenterTramonto\\\/\",\"https:\\\/\\\/www.instagram.com\\\/divetramonto\\\/\"],\"description\":\"TRAMONTO DIVING\",\"address\":{\"@id\":\"https:\\\/\\\/divetramonto.com\\\/hr\\\/olupina-plavi-jadran\\\/#local-main-place-address\"},\"geo\":{\"@type\":\"GeoCoordinates\",\"latitude\":\"43.7991737\",\"longitude\":\"15.340183\"},\"telephone\":[\"+385 98 843 233\"],\"contactPoint\":{\"@type\":\"ContactPoint\",\"telephone\":\"+385 98 843 233\",\"email\":\"divetramonto@divetramonto.com\"},\"openingHoursSpecification\":[{\"@type\":\"OpeningHoursSpecification\",\"dayOfWeek\":[\"Monday\",\"Tuesday\",\"Wednesday\",\"Thursday\",\"Friday\",\"Saturday\",\"Sunday\"],\"opens\":\"09:00\",\"closes\":\"18:00\"}],\"email\":\"divetramonto@divetramonto.com\",\"vatID\":\"HR31722441146\",\"taxID\":\"HR31722441146\"},{\"@type\":\"PostalAddress\",\"@id\":\"https:\\\/\\\/divetramonto.com\\\/hr\\\/olupina-plavi-jadran\\\/#local-main-place-address\",\"streetAddress\":\"Stjepana Radi\u0107a 13\",\"addressLocality\":\"Tisno\",\"postalCode\":\"22240\",\"addressCountry\":\"HR\"},{\"@type\":\"ImageObject\",\"inLanguage\":\"hr\",\"@id\":\"https:\\\/\\\/divetramonto.com\\\/hr\\\/olupina-plavi-jadran\\\/#local-main-organization-logo\",\"url\":\"https:\\\/\\\/divetramonto.com\\\/wp-content\\\/uploads\\\/2019\\\/01\\\/tramonto-logo.png\",\"contentUrl\":\"https:\\\/\\\/divetramonto.com\\\/wp-content\\\/uploads\\\/2019\\\/01\\\/tramonto-logo.png\",\"width\":960,\"height\":960,\"caption\":\"TRAMONTO DIVING\"}]}<\/script>\n<meta name=\"geo.placename\" content=\"Tisno\" \/>\n<meta name=\"geo.position\" content=\"43.7991737;15.340183\" \/>\n<meta name=\"geo.region\" content=\"Croatia\" \/>\n<!-- \/ Yoast SEO Premium plugin. -->","yoast_head_json":{"title":"Olupina \"Plavi Jadran\" - Tramonto Diving","description":"Brod je izgra\u0111en 1952. godine u brodogradili\u0161tu 3. maj u Rijeci, a slu\u017eio je za prijevoz tereta uglavnom cementa. 30-metarski teretni brod Plavi Jadran, koji je potonuo nakon sudara s Jadrolinijinom Tijatom 2018. godine, le\u017ei na dnu kod na dubini od 22 metra od obale otoka Prvi\u0107a.","robots":{"index":"index","follow":"follow","max-snippet":"max-snippet:-1","max-image-preview":"max-image-preview:large","max-video-preview":"max-video-preview:-1"},"canonical":"https:\/\/divetramonto.com\/hr\/olupina-plavi-jadran\/","og_locale":"hr_HR","og_type":"article","og_title":"Olupina \"Plavi Jadran\"","og_description":"Brod je izgra\u0111en 1952. godine u brodogradili\u0161tu 3. maj u Rijeci, a slu\u017eio je za prijevoz tereta uglavnom cementa. 30-metarski teretni brod Plavi Jadran, koji je potonuo nakon sudara s Jadrolinijinom Tijatom 2018. godine, le\u017ei na dnu kod na dubini od 22 metra od obale otoka Prvi\u0107a.","og_url":"https:\/\/divetramonto.com\/hr\/olupina-plavi-jadran\/","og_site_name":"Tramonto Diving","article_publisher":"https:\/\/www.facebook.com\/DivingCenterTramonto\/","article_modified_time":"2023-04-07T05:24:22+00:00","og_image":[{"width":1189,"height":656,"url":"https:\/\/divetramonto.com\/wp-content\/uploads\/2023\/01\/PlaviJadran_01.png.jpg","type":"image\/jpeg"}],"twitter_card":"summary_large_image","twitter_misc":{"Procijenjeno vrijeme \u010ditanja":"1 minuta"},"schema":{"@context":"https:\/\/schema.org","@graph":[{"@type":"WebPage","@id":"https:\/\/divetramonto.com\/hr\/olupina-plavi-jadran\/","url":"https:\/\/divetramonto.com\/hr\/olupina-plavi-jadran\/","name":"Olupina \"Plavi Jadran\" - Tramonto Diving","isPartOf":{"@id":"https:\/\/divetramonto.com\/hr\/#website"},"primaryImageOfPage":{"@id":"https:\/\/divetramonto.com\/hr\/olupina-plavi-jadran\/#primaryimage"},"image":{"@id":"https:\/\/divetramonto.com\/hr\/olupina-plavi-jadran\/#primaryimage"},"thumbnailUrl":"https:\/\/divetramonto.com\/wp-content\/uploads\/2023\/01\/PlaviJadran_01.png.jpg","datePublished":"2023-01-23T08:39:22+00:00","dateModified":"2023-04-07T05:24:22+00:00","description":"Brod je izgra\u0111en 1952. godine u brodogradili\u0161tu 3. maj u Rijeci, a slu\u017eio je za prijevoz tereta uglavnom cementa. 30-metarski teretni brod Plavi Jadran, koji je potonuo nakon sudara s Jadrolinijinom Tijatom 2018. godine, le\u017ei na dnu kod na dubini od 22 metra od obale otoka Prvi\u0107a.","breadcrumb":{"@id":"https:\/\/divetramonto.com\/hr\/olupina-plavi-jadran\/#breadcrumb"},"inLanguage":"hr","potentialAction":[{"@type":"ReadAction","target":["https:\/\/divetramonto.com\/hr\/olupina-plavi-jadran\/"]}]},{"@type":"ImageObject","inLanguage":"hr","@id":"https:\/\/divetramonto.com\/hr\/olupina-plavi-jadran\/#primaryimage","url":"https:\/\/divetramonto.com\/wp-content\/uploads\/2023\/01\/PlaviJadran_01.png.jpg","contentUrl":"https:\/\/divetramonto.com\/wp-content\/uploads\/2023\/01\/PlaviJadran_01.png.jpg","width":1189,"height":656},{"@type":"BreadcrumbList","@id":"https:\/\/divetramonto.com\/hr\/olupina-plavi-jadran\/#breadcrumb","itemListElement":[{"@type":"ListItem","position":1,"name":"Home","item":"https:\/\/divetramonto.com\/hr\/"},{"@type":"ListItem","position":2,"name":"Olupina &#8220;Plavi Jadran&#8221;"}]},{"@type":"WebSite","@id":"https:\/\/divetramonto.com\/hr\/#website","url":"https:\/\/divetramonto.com\/hr\/","name":"Tramonto Diving","description":"Murter - Croatia","publisher":{"@id":"https:\/\/divetramonto.com\/hr\/#organization"},"potentialAction":[{"@type":"SearchAction","target":{"@type":"EntryPoint","urlTemplate":"https:\/\/divetramonto.com\/hr\/?s={search_term_string}"},"query-input":{"@type":"PropertyValueSpecification","valueRequired":true,"valueName":"search_term_string"}}],"inLanguage":"hr"},{"@type":["Organization","Place"],"@id":"https:\/\/divetramonto.com\/hr\/#organization","name":"TRAMONTO DIVING","alternateName":"TRAMONTO","url":"https:\/\/divetramonto.com\/hr\/","logo":{"@id":"https:\/\/divetramonto.com\/hr\/olupina-plavi-jadran\/#local-main-organization-logo"},"image":{"@id":"https:\/\/divetramonto.com\/hr\/olupina-plavi-jadran\/#local-main-organization-logo"},"sameAs":["https:\/\/www.facebook.com\/DivingCenterTramonto\/","https:\/\/www.instagram.com\/divetramonto\/"],"description":"TRAMONTO DIVING","address":{"@id":"https:\/\/divetramonto.com\/hr\/olupina-plavi-jadran\/#local-main-place-address"},"geo":{"@type":"GeoCoordinates","latitude":"43.7991737","longitude":"15.340183"},"telephone":["+385 98 843 233"],"contactPoint":{"@type":"ContactPoint","telephone":"+385 98 843 233","email":"divetramonto@divetramonto.com"},"openingHoursSpecification":[{"@type":"OpeningHoursSpecification","dayOfWeek":["Monday","Tuesday","Wednesday","Thursday","Friday","Saturday","Sunday"],"opens":"09:00","closes":"18:00"}],"email":"divetramonto@divetramonto.com","vatID":"HR31722441146","taxID":"HR31722441146"},{"@type":"PostalAddress","@id":"https:\/\/divetramonto.com\/hr\/olupina-plavi-jadran\/#local-main-place-address","streetAddress":"Stjepana Radi\u0107a 13","addressLocality":"Tisno","postalCode":"22240","addressCountry":"HR"},{"@type":"ImageObject","inLanguage":"hr","@id":"https:\/\/divetramonto.com\/hr\/olupina-plavi-jadran\/#local-main-organization-logo","url":"https:\/\/divetramonto.com\/wp-content\/uploads\/2019\/01\/tramonto-logo.png","contentUrl":"https:\/\/divetramonto.com\/wp-content\/uploads\/2019\/01\/tramonto-logo.png","width":960,"height":960,"caption":"TRAMONTO DIVING"}]},"geo.placename":"Tisno","geo.position":{"lat":"43.7991737","long":"15.340183"},"geo.region":"Croatia"},"_links":{"self":[{"href":"https:\/\/divetramonto.com\/hr\/wp-json\/wp\/v2\/pages\/1817","targetHints":{"allow":["GET"]}}],"collection":[{"href":"https:\/\/divetramonto.com\/hr\/wp-json\/wp\/v2\/pages"}],"about":[{"href":"https:\/\/divetramonto.com\/hr\/wp-json\/wp\/v2\/types\/page"}],"author":[{"embeddable":true,"href":"https:\/\/divetramonto.com\/hr\/wp-json\/wp\/v2\/users\/2"}],"replies":[{"embeddable":true,"href":"https:\/\/divetramonto.com\/hr\/wp-json\/wp\/v2\/comments?post=1817"}],"version-history":[{"count":10,"href":"https:\/\/divetramonto.com\/hr\/wp-json\/wp\/v2\/pages\/1817\/revisions"}],"predecessor-version":[{"id":2037,"href":"https:\/\/divetramonto.com\/hr\/wp-json\/wp\/v2\/pages\/1817\/revisions\/2037"}],"wp:featuredmedia":[{"embeddable":true,"href":"https:\/\/divetramonto.com\/hr\/wp-json\/wp\/v2\/media\/1776"}],"wp:attachment":[{"href":"https:\/\/divetramonto.com\/hr\/wp-json\/wp\/v2\/media?parent=1817"}],"curies":[{"name":"wp","href":"https:\/\/api.w.org\/{rel}","templated":true}]}}