{"id":733,"date":"2019-03-03T20:08:21","date_gmt":"2019-03-03T20:08:21","guid":{"rendered":"https:\/\/divetramonto.com\/?page_id=733"},"modified":"2023-04-06T20:17:50","modified_gmt":"2023-04-06T20:17:50","slug":"francesca-da-rimini","status":"publish","type":"page","link":"https:\/\/divetramonto.com\/de\/francesca-da-rimini\/","title":{"rendered":"Francesca da Rimini"},"content":{"rendered":"<div id='av_section_1'  class='avia-section av-10ni-26b5a46ed8e838bc40a004c11ca8f5c8 main_color avia-section-large avia-no-border-styling  avia-builder-el-0  avia-builder-el-no-sibling  avia-bg-style-scroll container_wrap fullsize'  ><div class='container av-section-cont-open' ><main  role=\"main\" itemprop=\"mainContentOfPage\"  class='template-page content  av-content-full alpha units'><div class='post-entry post-entry-type-page post-entry-733'><div class='entry-content-wrapper clearfix'>\n<div id='av-masonry-1' class='av-masonry av-jrtvfh98-20470d84afab0fcfa5d436e19ff8fd6c noHover av-flex-size av-large-gap av-hover-overlay- av-masonry-animation-active av-masonry-col-flexible av-caption-always av-caption-style- av-masonry-gallery ' data-post_id=\"733\"><div class=\"av-masonry-container isotope av-js-disabled\"><div class='av-masonry-entry isotope-item av-masonry-item-no-image '><\/div><a href=\"https:\/\/divetramonto.com\/wp-content\/uploads\/2019\/02\/Francesca-da-Rimini.jpg\"  aria-label=\"Bild Francesca da Rimini\"  id='av-masonry-1-item-197' data-av-masonry-item='197' class='av-masonry-entry isotope-item post-197 attachment type-attachment status-inherit hentry  av-masonry-item-with-image' title=\"Francesca da Rimini\" alt=\"\"    itemprop=\"thumbnailUrl\" ><div class='av-inner-masonry-sizer'><\/div><figure class='av-inner-masonry main_color'><div class=\"av-masonry-outerimage-container\"><div class='av-masonry-image-container'  ><img decoding=\"async\" width=\"600\" height=\"450\" fetchpriority=\"high\" class=\"wp-image-197 avia-img-lazy-loading-not-197\"  src=\"https:\/\/divetramonto.com\/wp-content\/uploads\/2019\/02\/Francesca-da-Rimini.jpg\" title=\"Francesca da Rimini\" alt=\"\" srcset=\"https:\/\/divetramonto.com\/wp-content\/uploads\/2019\/02\/Francesca-da-Rimini.jpg 600w, https:\/\/divetramonto.com\/wp-content\/uploads\/2019\/02\/Francesca-da-Rimini-300x225.jpg 300w, https:\/\/divetramonto.com\/wp-content\/uploads\/2019\/02\/Francesca-da-Rimini-450x338.jpg 450w\" sizes=\"(max-width: 600px) 100vw, 600px\" \/><\/div><\/div><\/figure><\/a><!--end av-masonry entry--><a href=\"https:\/\/divetramonto.com\/wp-content\/uploads\/2019\/02\/Francesca-da-Rimini-3-1030x773.jpeg\"  aria-label=\"Bild Francesca da Rimini 3\"  id='av-masonry-1-item-196' data-av-masonry-item='196' class='av-masonry-entry isotope-item post-196 attachment type-attachment status-inherit hentry  av-masonry-item-with-image' title=\"Francesca da Rimini 3\" alt=\"\"    itemprop=\"thumbnailUrl\" ><div class='av-inner-masonry-sizer'><\/div><figure class='av-inner-masonry main_color'><div class=\"av-masonry-outerimage-container\"><div class='av-masonry-image-container'  ><img decoding=\"async\" width=\"1030\" height=\"773\" fetchpriority=\"high\" class=\"wp-image-196 avia-img-lazy-loading-not-196\"  src=\"https:\/\/divetramonto.com\/wp-content\/uploads\/2019\/02\/Francesca-da-Rimini-3.jpeg\" title=\"Francesca da Rimini 3\" alt=\"\" srcset=\"https:\/\/divetramonto.com\/wp-content\/uploads\/2019\/02\/Francesca-da-Rimini-3.jpeg 1030w, https:\/\/divetramonto.com\/wp-content\/uploads\/2019\/02\/Francesca-da-Rimini-3-300x225.jpeg 300w, https:\/\/divetramonto.com\/wp-content\/uploads\/2019\/02\/Francesca-da-Rimini-3-768x576.jpeg 768w, https:\/\/divetramonto.com\/wp-content\/uploads\/2019\/02\/Francesca-da-Rimini-3-705x529.jpeg 705w, https:\/\/divetramonto.com\/wp-content\/uploads\/2019\/02\/Francesca-da-Rimini-3-450x338.jpeg 450w\" sizes=\"(max-width: 1030px) 100vw, 1030px\" \/><\/div><\/div><\/figure><\/a><!--end av-masonry entry--><a href=\"https:\/\/divetramonto.com\/wp-content\/uploads\/2019\/02\/Francesca-da-Rimini-4.jpg\"  aria-label=\"Bild Bild ohne Titel\"  id='av-masonry-1-item-1080' data-av-masonry-item='1080' class='av-masonry-entry isotope-item post-1080 attachment type-attachment status-inherit hentry  av-masonry-item-with-image' title=\"\" alt=\"\"    itemprop=\"thumbnailUrl\" ><div class='av-inner-masonry-sizer'><\/div><figure class='av-inner-masonry main_color'><div class=\"av-masonry-outerimage-container\"><div class='av-masonry-image-container'  ><img decoding=\"async\" width=\"800\" height=\"600\" fetchpriority=\"high\" class=\"wp-image-1080 avia-img-lazy-loading-not-1080\"  src=\"https:\/\/divetramonto.com\/wp-content\/uploads\/2019\/02\/Francesca-da-Rimini-4.jpg\" title=\"\" alt=\"\" srcset=\"https:\/\/divetramonto.com\/wp-content\/uploads\/2019\/02\/Francesca-da-Rimini-4.jpg 800w, https:\/\/divetramonto.com\/wp-content\/uploads\/2019\/02\/Francesca-da-Rimini-4-300x225.jpg 300w, https:\/\/divetramonto.com\/wp-content\/uploads\/2019\/02\/Francesca-da-Rimini-4-768x576.jpg 768w, https:\/\/divetramonto.com\/wp-content\/uploads\/2019\/02\/Francesca-da-Rimini-4-705x529.jpg 705w, https:\/\/divetramonto.com\/wp-content\/uploads\/2019\/02\/Francesca-da-Rimini-4-450x338.jpg 450w\" sizes=\"(max-width: 800px) 100vw, 800px\" \/><\/div><\/div><\/figure><\/a><!--end av-masonry entry--><a href=\"https:\/\/divetramonto.com\/wp-content\/uploads\/2023\/03\/Tramonto-Borko-Bacvica_b-1030x719.jpg\"  aria-label=\"Bild Tramonto-Borko-Ba\u010dvica_b\"  id='av-masonry-1-item-2075' data-av-masonry-item='2075' class='av-masonry-entry isotope-item post-2075 attachment type-attachment status-inherit hentry  av-masonry-item-with-image' title=\"Tramonto-Borko-Ba\u010dvica_b\" alt=\"\"    itemprop=\"thumbnailUrl\" ><div class='av-inner-masonry-sizer'><\/div><figure class='av-inner-masonry main_color'><div class=\"av-masonry-outerimage-container\"><div class='av-masonry-image-container'  ><img decoding=\"async\" width=\"1218\" height=\"850\" fetchpriority=\"high\" class=\"wp-image-2075 avia-img-lazy-loading-not-2075\"  src=\"https:\/\/divetramonto.com\/wp-content\/uploads\/2023\/03\/Tramonto-Borko-Bacvica_b.jpg\" title=\"Tramonto-Borko-Ba\u010dvica_b\" alt=\"\" srcset=\"https:\/\/divetramonto.com\/wp-content\/uploads\/2023\/03\/Tramonto-Borko-Bacvica_b.jpg 1218w, https:\/\/divetramonto.com\/wp-content\/uploads\/2023\/03\/Tramonto-Borko-Bacvica_b-300x209.jpg 300w, https:\/\/divetramonto.com\/wp-content\/uploads\/2023\/03\/Tramonto-Borko-Bacvica_b-1030x719.jpg 1030w, https:\/\/divetramonto.com\/wp-content\/uploads\/2023\/03\/Tramonto-Borko-Bacvica_b-768x536.jpg 768w, https:\/\/divetramonto.com\/wp-content\/uploads\/2023\/03\/Tramonto-Borko-Bacvica_b-705x492.jpg 705w\" sizes=\"(max-width: 1218px) 100vw, 1218px\" \/><\/div><\/div><\/figure><\/a><!--end av-masonry entry--><\/div><\/div>\n\n<style type=\"text\/css\" data-created_by=\"avia_inline_auto\" id=\"style-css-av-7enn5-215e4d3481fa7662664a65bd276ddabc\">\n.flex_column.av-7enn5-215e4d3481fa7662664a65bd276ddabc{\nborder-radius:0px 0px 0px 0px;\npadding:0px 0px 0px 0px;\n}\n<\/style>\n<div  class='flex_column av-7enn5-215e4d3481fa7662664a65bd276ddabc av_one_full  avia-builder-el-2  el_after_av_masonry_gallery  el_before_av_one_full  avia-builder-el-first  first flex_column_div av-zero-column-padding  '     ><section  class='av_textblock_section av-jrtsvo3n-aa0b5286ecac31cd74bbfe9154f9f829 '   itemscope=\"itemscope\" itemtype=\"https:\/\/schema.org\/CreativeWork\" ><div class='avia_textblock'  itemprop=\"text\" ><p style=\"text-align: center;\">Francesca da Rimini war ein Fracht kriegsschiff. Im Jahre 1942 in Rijeka f\u00fcr die italienische Marine gebaut. Die L\u00e4nge betr\u00e4gt 42 m, die Breite 12 m und hat einen Gesamtgewicht von 281 Tonnen. Es wurde vonder Deutschen Marineim Jahre 1943 beschlagnahmt. Der Auftrag der Francesca da Rimini war der Transport von Waffen und Munition nach Nordafrika zu den deutschen Truppen unter Rommel. Nachder R\u00fcckkehr aus Nordafrika, am22.03.1944, wurde es wegeneines Motorschadens in der N\u00e4heder Insel Kaprije, im Sibenik er Inselarchipel verankert.<\/p>\n<p style=\"text-align: center;\">Dabei wurde die Francesca wurde von zweibritische \u201eSpitfire\u201c Bombergesichtet, an derhinteren rechten Seitetorpediertund sank aufgrund der Sch\u00e4den im Rumpf. Heute liegt die Francesca da Rimini in einer Tiefe vonzwischen 38 m- 50 m. Von den 3 Masten, die sie einst hatte, liegenzwei umgeknicktin den Sand undder dritteragt bis heute 28 Meter aufrecht in die H\u00f6he.<\/p>\n<p style=\"text-align: center;\">Am Heckist das Flugabwehr-Maschinengewehr noch eindrucksvoll zu sehen. Das ganze Wrack ist voll mit der einstigen Ladung und es gibt hunderte von Minenund Munitionskisten mit Munition jeglicher Art zu sehen. Bewohnt wird das Wrack heute von zahlreiche Hummern,Zackenbarsche, Meeraalen (Konger), Gelbschwanzmakrelen sowie dicken Gabeldorschen.. Zahnbrassen schwimmen regelm\u00e4\u00dfigum die Taucher und beobachtenjeden neuenBesucher.<\/p>\n<p style=\"text-align: center;\">Der Tauchgangist aufgrund der Tiefe nur f\u00fcrerfahrene Taucher.<\/p>\n<\/div><\/section><\/div>\n<style type=\"text\/css\" data-created_by=\"avia_inline_auto\" id=\"style-css-av-7enn5-215e4d3481fa7662664a65bd276ddabc\">\n.flex_column.av-7enn5-215e4d3481fa7662664a65bd276ddabc{\nborder-radius:0px 0px 0px 0px;\npadding:0px 0px 0px 0px;\n}\n<\/style>\n<div  class='flex_column av-7enn5-215e4d3481fa7662664a65bd276ddabc av_one_full  avia-builder-el-4  el_after_av_one_full  avia-builder-el-last  first flex_column_div av-zero-column-padding  column-top-margin'     ><\/div>\n","protected":false},"excerpt":{"rendered":"","protected":false},"author":1,"featured_media":1080,"parent":0,"menu_order":0,"comment_status":"closed","ping_status":"closed","template":"","meta":{"footnotes":""},"class_list":["post-733","page","type-page","status-publish","has-post-thumbnail","hentry"],"yoast_head":"<!-- This site is optimized with the Yoast SEO Premium plugin v27.5 (Yoast SEO v27.5) - https:\/\/yoast.com\/product\/yoast-seo-premium-wordpress\/ -->\n<title>Francesca da Rimini - Tramonto Diving<\/title>\n<meta name=\"description\" content=\"Francesca da Rimini war ein Fracht kriegsschiff. Im Jahre 1942 in Rijeka f\u00fcr die italienische Marine gebaut. Die L\u00e4nge betr\u00e4gt 42 m, die Breite 12 m und hat einen Gesamtgewicht von 281 Tonnen. Es wurde vonder Deutschen Marineim Jahre 1943 beschlagnahmt. Der Auftrag der Francesca da Rimini war der Transport von Waffen und Munition nach Nordafrika zu den deutschen Truppen unter Rommel. Nachder R\u00fcckkehr aus Nordafrika, am22.03.1944, wurde es wegeneines Motorschadens in der N\u00e4heder Insel Kaprije, im Sibenik er Inselarchipel verankert.\" \/>\n<meta name=\"robots\" content=\"index, follow, max-snippet:-1, max-image-preview:large, max-video-preview:-1\" \/>\n<link rel=\"canonical\" href=\"https:\/\/divetramonto.com\/de\/francesca-da-rimini\/\" \/>\n<meta property=\"og:locale\" content=\"de_DE\" \/>\n<meta property=\"og:type\" content=\"article\" \/>\n<meta property=\"og:title\" content=\"Francesca da Rimini\" \/>\n<meta property=\"og:description\" content=\"Francesca da Rimini war ein Fracht kriegsschiff. Im Jahre 1942 in Rijeka f\u00fcr die italienische Marine gebaut. Die L\u00e4nge betr\u00e4gt 42 m, die Breite 12 m und hat einen Gesamtgewicht von 281 Tonnen. Es wurde vonder Deutschen Marineim Jahre 1943 beschlagnahmt. Der Auftrag der Francesca da Rimini war der Transport von Waffen und Munition nach Nordafrika zu den deutschen Truppen unter Rommel. Nachder R\u00fcckkehr aus Nordafrika, am22.03.1944, wurde es wegeneines Motorschadens in der N\u00e4heder Insel Kaprije, im Sibenik er Inselarchipel verankert.\" \/>\n<meta property=\"og:url\" content=\"https:\/\/divetramonto.com\/de\/francesca-da-rimini\/\" \/>\n<meta property=\"og:site_name\" content=\"Tramonto Diving\" \/>\n<meta property=\"article:publisher\" content=\"https:\/\/www.facebook.com\/DivingCenterTramonto\/\" \/>\n<meta property=\"article:modified_time\" content=\"2023-04-06T20:17:50+00:00\" \/>\n<meta property=\"og:image\" content=\"https:\/\/divetramonto.com\/wp-content\/uploads\/2019\/02\/Francesca-da-Rimini-4.jpg\" \/>\n\t<meta property=\"og:image:width\" content=\"800\" \/>\n\t<meta property=\"og:image:height\" content=\"600\" \/>\n\t<meta property=\"og:image:type\" content=\"image\/jpeg\" \/>\n<meta name=\"twitter:card\" content=\"summary_large_image\" \/>\n<meta name=\"twitter:label1\" content=\"Gesch\u00e4tzte Lesezeit\" \/>\n\t<meta name=\"twitter:data1\" content=\"2\u00a0Minuten\" \/>\n<script type=\"application\/ld+json\" class=\"yoast-schema-graph\">{\"@context\":\"https:\\\/\\\/schema.org\",\"@graph\":[{\"@type\":\"WebPage\",\"@id\":\"https:\\\/\\\/divetramonto.com\\\/de\\\/francesca-da-rimini\\\/\",\"url\":\"https:\\\/\\\/divetramonto.com\\\/de\\\/francesca-da-rimini\\\/\",\"name\":\"Francesca da Rimini - Tramonto Diving\",\"isPartOf\":{\"@id\":\"https:\\\/\\\/divetramonto.com\\\/de\\\/#website\"},\"primaryImageOfPage\":{\"@id\":\"https:\\\/\\\/divetramonto.com\\\/de\\\/francesca-da-rimini\\\/#primaryimage\"},\"image\":{\"@id\":\"https:\\\/\\\/divetramonto.com\\\/de\\\/francesca-da-rimini\\\/#primaryimage\"},\"thumbnailUrl\":\"https:\\\/\\\/divetramonto.com\\\/wp-content\\\/uploads\\\/2019\\\/02\\\/Francesca-da-Rimini-4.jpg\",\"datePublished\":\"2019-03-03T20:08:21+00:00\",\"dateModified\":\"2023-04-06T20:17:50+00:00\",\"description\":\"Francesca da Rimini war ein Fracht kriegsschiff. Im Jahre 1942 in Rijeka f\u00fcr die italienische Marine gebaut. Die L\u00e4nge betr\u00e4gt 42 m, die Breite 12 m und hat einen Gesamtgewicht von 281 Tonnen. Es wurde vonder Deutschen Marineim Jahre 1943 beschlagnahmt. Der Auftrag der Francesca da Rimini war der Transport von Waffen und Munition nach Nordafrika zu den deutschen Truppen unter Rommel. Nachder R\u00fcckkehr aus Nordafrika, am22.03.1944, wurde es wegeneines Motorschadens in der N\u00e4heder Insel Kaprije, im Sibenik er Inselarchipel verankert.\",\"breadcrumb\":{\"@id\":\"https:\\\/\\\/divetramonto.com\\\/de\\\/francesca-da-rimini\\\/#breadcrumb\"},\"inLanguage\":\"de\",\"potentialAction\":[{\"@type\":\"ReadAction\",\"target\":[\"https:\\\/\\\/divetramonto.com\\\/de\\\/francesca-da-rimini\\\/\"]}]},{\"@type\":\"ImageObject\",\"inLanguage\":\"de\",\"@id\":\"https:\\\/\\\/divetramonto.com\\\/de\\\/francesca-da-rimini\\\/#primaryimage\",\"url\":\"https:\\\/\\\/divetramonto.com\\\/wp-content\\\/uploads\\\/2019\\\/02\\\/Francesca-da-Rimini-4.jpg\",\"contentUrl\":\"https:\\\/\\\/divetramonto.com\\\/wp-content\\\/uploads\\\/2019\\\/02\\\/Francesca-da-Rimini-4.jpg\",\"width\":800,\"height\":600},{\"@type\":\"BreadcrumbList\",\"@id\":\"https:\\\/\\\/divetramonto.com\\\/de\\\/francesca-da-rimini\\\/#breadcrumb\",\"itemListElement\":[{\"@type\":\"ListItem\",\"position\":1,\"name\":\"Home\",\"item\":\"https:\\\/\\\/divetramonto.com\\\/de\\\/\"},{\"@type\":\"ListItem\",\"position\":2,\"name\":\"Francesca da Rimini\"}]},{\"@type\":\"WebSite\",\"@id\":\"https:\\\/\\\/divetramonto.com\\\/de\\\/#website\",\"url\":\"https:\\\/\\\/divetramonto.com\\\/de\\\/\",\"name\":\"Tramonto Diving\",\"description\":\"Murter - Croatia\",\"publisher\":{\"@id\":\"https:\\\/\\\/divetramonto.com\\\/de\\\/#organization\"},\"potentialAction\":[{\"@type\":\"SearchAction\",\"target\":{\"@type\":\"EntryPoint\",\"urlTemplate\":\"https:\\\/\\\/divetramonto.com\\\/de\\\/?s={search_term_string}\"},\"query-input\":{\"@type\":\"PropertyValueSpecification\",\"valueRequired\":true,\"valueName\":\"search_term_string\"}}],\"inLanguage\":\"de\"},{\"@type\":[\"Organization\",\"Place\"],\"@id\":\"https:\\\/\\\/divetramonto.com\\\/de\\\/#organization\",\"name\":\"TRAMONTO DIVING\",\"alternateName\":\"TRAMONTO\",\"url\":\"https:\\\/\\\/divetramonto.com\\\/de\\\/\",\"logo\":{\"@id\":\"https:\\\/\\\/divetramonto.com\\\/de\\\/francesca-da-rimini\\\/#local-main-organization-logo\"},\"image\":{\"@id\":\"https:\\\/\\\/divetramonto.com\\\/de\\\/francesca-da-rimini\\\/#local-main-organization-logo\"},\"sameAs\":[\"https:\\\/\\\/www.facebook.com\\\/DivingCenterTramonto\\\/\",\"https:\\\/\\\/www.instagram.com\\\/divetramonto\\\/\"],\"description\":\"TRAMONTO DIVING\",\"address\":{\"@id\":\"https:\\\/\\\/divetramonto.com\\\/de\\\/francesca-da-rimini\\\/#local-main-place-address\"},\"geo\":{\"@type\":\"GeoCoordinates\",\"latitude\":\"43.7991737\",\"longitude\":\"15.340183\"},\"telephone\":[\"+385 98 843 233\"],\"contactPoint\":{\"@type\":\"ContactPoint\",\"telephone\":\"+385 98 843 233\",\"email\":\"divetramonto@divetramonto.com\"},\"openingHoursSpecification\":[{\"@type\":\"OpeningHoursSpecification\",\"dayOfWeek\":[\"Monday\",\"Tuesday\",\"Wednesday\",\"Thursday\",\"Friday\",\"Saturday\",\"Sunday\"],\"opens\":\"09:00\",\"closes\":\"18:00\"}],\"email\":\"divetramonto@divetramonto.com\",\"vatID\":\"HR31722441146\",\"taxID\":\"HR31722441146\"},{\"@type\":\"PostalAddress\",\"@id\":\"https:\\\/\\\/divetramonto.com\\\/de\\\/francesca-da-rimini\\\/#local-main-place-address\",\"streetAddress\":\"Stjepana Radi\u0107a 13\",\"addressLocality\":\"Tisno\",\"postalCode\":\"22240\",\"addressCountry\":\"HR\"},{\"@type\":\"ImageObject\",\"inLanguage\":\"de\",\"@id\":\"https:\\\/\\\/divetramonto.com\\\/de\\\/francesca-da-rimini\\\/#local-main-organization-logo\",\"url\":\"https:\\\/\\\/divetramonto.com\\\/wp-content\\\/uploads\\\/2019\\\/01\\\/tramonto-logo.png\",\"contentUrl\":\"https:\\\/\\\/divetramonto.com\\\/wp-content\\\/uploads\\\/2019\\\/01\\\/tramonto-logo.png\",\"width\":960,\"height\":960,\"caption\":\"TRAMONTO DIVING\"}]}<\/script>\n<meta name=\"geo.placename\" content=\"Tisno\" \/>\n<meta name=\"geo.position\" content=\"43.7991737;15.340183\" \/>\n<meta name=\"geo.region\" content=\"Kroatien\" \/>\n<!-- \/ Yoast SEO Premium plugin. -->","yoast_head_json":{"title":"Francesca da Rimini - Tramonto Diving","description":"Francesca da Rimini war ein Fracht kriegsschiff. Im Jahre 1942 in Rijeka f\u00fcr die italienische Marine gebaut. Die L\u00e4nge betr\u00e4gt 42 m, die Breite 12 m und hat einen Gesamtgewicht von 281 Tonnen. Es wurde vonder Deutschen Marineim Jahre 1943 beschlagnahmt. Der Auftrag der Francesca da Rimini war der Transport von Waffen und Munition nach Nordafrika zu den deutschen Truppen unter Rommel. Nachder R\u00fcckkehr aus Nordafrika, am22.03.1944, wurde es wegeneines Motorschadens in der N\u00e4heder Insel Kaprije, im Sibenik er Inselarchipel verankert.","robots":{"index":"index","follow":"follow","max-snippet":"max-snippet:-1","max-image-preview":"max-image-preview:large","max-video-preview":"max-video-preview:-1"},"canonical":"https:\/\/divetramonto.com\/de\/francesca-da-rimini\/","og_locale":"de_DE","og_type":"article","og_title":"Francesca da Rimini","og_description":"Francesca da Rimini war ein Fracht kriegsschiff. Im Jahre 1942 in Rijeka f\u00fcr die italienische Marine gebaut. Die L\u00e4nge betr\u00e4gt 42 m, die Breite 12 m und hat einen Gesamtgewicht von 281 Tonnen. Es wurde vonder Deutschen Marineim Jahre 1943 beschlagnahmt. Der Auftrag der Francesca da Rimini war der Transport von Waffen und Munition nach Nordafrika zu den deutschen Truppen unter Rommel. Nachder R\u00fcckkehr aus Nordafrika, am22.03.1944, wurde es wegeneines Motorschadens in der N\u00e4heder Insel Kaprije, im Sibenik er Inselarchipel verankert.","og_url":"https:\/\/divetramonto.com\/de\/francesca-da-rimini\/","og_site_name":"Tramonto Diving","article_publisher":"https:\/\/www.facebook.com\/DivingCenterTramonto\/","article_modified_time":"2023-04-06T20:17:50+00:00","og_image":[{"width":800,"height":600,"url":"https:\/\/divetramonto.com\/wp-content\/uploads\/2019\/02\/Francesca-da-Rimini-4.jpg","type":"image\/jpeg"}],"twitter_card":"summary_large_image","twitter_misc":{"Gesch\u00e4tzte Lesezeit":"2\u00a0Minuten"},"schema":{"@context":"https:\/\/schema.org","@graph":[{"@type":"WebPage","@id":"https:\/\/divetramonto.com\/de\/francesca-da-rimini\/","url":"https:\/\/divetramonto.com\/de\/francesca-da-rimini\/","name":"Francesca da Rimini - Tramonto Diving","isPartOf":{"@id":"https:\/\/divetramonto.com\/de\/#website"},"primaryImageOfPage":{"@id":"https:\/\/divetramonto.com\/de\/francesca-da-rimini\/#primaryimage"},"image":{"@id":"https:\/\/divetramonto.com\/de\/francesca-da-rimini\/#primaryimage"},"thumbnailUrl":"https:\/\/divetramonto.com\/wp-content\/uploads\/2019\/02\/Francesca-da-Rimini-4.jpg","datePublished":"2019-03-03T20:08:21+00:00","dateModified":"2023-04-06T20:17:50+00:00","description":"Francesca da Rimini war ein Fracht kriegsschiff. Im Jahre 1942 in Rijeka f\u00fcr die italienische Marine gebaut. Die L\u00e4nge betr\u00e4gt 42 m, die Breite 12 m und hat einen Gesamtgewicht von 281 Tonnen. Es wurde vonder Deutschen Marineim Jahre 1943 beschlagnahmt. Der Auftrag der Francesca da Rimini war der Transport von Waffen und Munition nach Nordafrika zu den deutschen Truppen unter Rommel. Nachder R\u00fcckkehr aus Nordafrika, am22.03.1944, wurde es wegeneines Motorschadens in der N\u00e4heder Insel Kaprije, im Sibenik er Inselarchipel verankert.","breadcrumb":{"@id":"https:\/\/divetramonto.com\/de\/francesca-da-rimini\/#breadcrumb"},"inLanguage":"de","potentialAction":[{"@type":"ReadAction","target":["https:\/\/divetramonto.com\/de\/francesca-da-rimini\/"]}]},{"@type":"ImageObject","inLanguage":"de","@id":"https:\/\/divetramonto.com\/de\/francesca-da-rimini\/#primaryimage","url":"https:\/\/divetramonto.com\/wp-content\/uploads\/2019\/02\/Francesca-da-Rimini-4.jpg","contentUrl":"https:\/\/divetramonto.com\/wp-content\/uploads\/2019\/02\/Francesca-da-Rimini-4.jpg","width":800,"height":600},{"@type":"BreadcrumbList","@id":"https:\/\/divetramonto.com\/de\/francesca-da-rimini\/#breadcrumb","itemListElement":[{"@type":"ListItem","position":1,"name":"Home","item":"https:\/\/divetramonto.com\/de\/"},{"@type":"ListItem","position":2,"name":"Francesca da Rimini"}]},{"@type":"WebSite","@id":"https:\/\/divetramonto.com\/de\/#website","url":"https:\/\/divetramonto.com\/de\/","name":"Tramonto Diving","description":"Murter - Croatia","publisher":{"@id":"https:\/\/divetramonto.com\/de\/#organization"},"potentialAction":[{"@type":"SearchAction","target":{"@type":"EntryPoint","urlTemplate":"https:\/\/divetramonto.com\/de\/?s={search_term_string}"},"query-input":{"@type":"PropertyValueSpecification","valueRequired":true,"valueName":"search_term_string"}}],"inLanguage":"de"},{"@type":["Organization","Place"],"@id":"https:\/\/divetramonto.com\/de\/#organization","name":"TRAMONTO DIVING","alternateName":"TRAMONTO","url":"https:\/\/divetramonto.com\/de\/","logo":{"@id":"https:\/\/divetramonto.com\/de\/francesca-da-rimini\/#local-main-organization-logo"},"image":{"@id":"https:\/\/divetramonto.com\/de\/francesca-da-rimini\/#local-main-organization-logo"},"sameAs":["https:\/\/www.facebook.com\/DivingCenterTramonto\/","https:\/\/www.instagram.com\/divetramonto\/"],"description":"TRAMONTO DIVING","address":{"@id":"https:\/\/divetramonto.com\/de\/francesca-da-rimini\/#local-main-place-address"},"geo":{"@type":"GeoCoordinates","latitude":"43.7991737","longitude":"15.340183"},"telephone":["+385 98 843 233"],"contactPoint":{"@type":"ContactPoint","telephone":"+385 98 843 233","email":"divetramonto@divetramonto.com"},"openingHoursSpecification":[{"@type":"OpeningHoursSpecification","dayOfWeek":["Monday","Tuesday","Wednesday","Thursday","Friday","Saturday","Sunday"],"opens":"09:00","closes":"18:00"}],"email":"divetramonto@divetramonto.com","vatID":"HR31722441146","taxID":"HR31722441146"},{"@type":"PostalAddress","@id":"https:\/\/divetramonto.com\/de\/francesca-da-rimini\/#local-main-place-address","streetAddress":"Stjepana Radi\u0107a 13","addressLocality":"Tisno","postalCode":"22240","addressCountry":"HR"},{"@type":"ImageObject","inLanguage":"de","@id":"https:\/\/divetramonto.com\/de\/francesca-da-rimini\/#local-main-organization-logo","url":"https:\/\/divetramonto.com\/wp-content\/uploads\/2019\/01\/tramonto-logo.png","contentUrl":"https:\/\/divetramonto.com\/wp-content\/uploads\/2019\/01\/tramonto-logo.png","width":960,"height":960,"caption":"TRAMONTO DIVING"}]},"geo.placename":"Tisno","geo.position":{"lat":"43.7991737","long":"15.340183"},"geo.region":"Kroatien"},"_links":{"self":[{"href":"https:\/\/divetramonto.com\/de\/wp-json\/wp\/v2\/pages\/733","targetHints":{"allow":["GET"]}}],"collection":[{"href":"https:\/\/divetramonto.com\/de\/wp-json\/wp\/v2\/pages"}],"about":[{"href":"https:\/\/divetramonto.com\/de\/wp-json\/wp\/v2\/types\/page"}],"author":[{"embeddable":true,"href":"https:\/\/divetramonto.com\/de\/wp-json\/wp\/v2\/users\/1"}],"replies":[{"embeddable":true,"href":"https:\/\/divetramonto.com\/de\/wp-json\/wp\/v2\/comments?post=733"}],"version-history":[{"count":10,"href":"https:\/\/divetramonto.com\/de\/wp-json\/wp\/v2\/pages\/733\/revisions"}],"predecessor-version":[{"id":3111,"href":"https:\/\/divetramonto.com\/de\/wp-json\/wp\/v2\/pages\/733\/revisions\/3111"}],"wp:featuredmedia":[{"embeddable":true,"href":"https:\/\/divetramonto.com\/de\/wp-json\/wp\/v2\/media\/1080"}],"wp:attachment":[{"href":"https:\/\/divetramonto.com\/de\/wp-json\/wp\/v2\/media?parent=733"}],"curies":[{"name":"wp","href":"https:\/\/api.w.org\/{rel}","templated":true}]}}