{"id":1814,"date":"2023-01-23T08:38:59","date_gmt":"2023-01-23T08:38:59","guid":{"rendered":"https:\/\/divetramonto.com\/schiffswrack-blaue-adria\/"},"modified":"2023-04-07T05:30:37","modified_gmt":"2023-04-07T05:30:37","slug":"schiffswrack-blaue-adria","status":"publish","type":"page","link":"https:\/\/divetramonto.com\/de\/schiffswrack-blaue-adria\/","title":{"rendered":"Schiffswrack &#8222;Plavi Jadran&#8220;"},"content":{"rendered":"<div id='av_section_1'  class='avia-section av-10ni-26b5a46ed8e838bc40a004c11ca8f5c8 main_color avia-section-large avia-no-border-styling  avia-builder-el-0  avia-builder-el-no-sibling  avia-bg-style-scroll container_wrap fullsize'  ><div class='container av-section-cont-open' ><main  role=\"main\" itemprop=\"mainContentOfPage\"  class='template-page content  av-content-full alpha units'><div class='post-entry post-entry-type-page post-entry-1814'><div class='entry-content-wrapper clearfix'>\n<div id='av-masonry-1' class='av-masonry av-ld8kb0cv-1849b9252a9cc654f20b9ef09a960636 noHover av-flex-size av-large-gap av-hover-overlay-active av-masonry-animation-active av-masonry-col-flexible av-caption-always av-caption-style- av-masonry-gallery ' data-post_id=\"1814\"><div class=\"av-masonry-container isotope av-js-disabled\"><div class='av-masonry-entry isotope-item av-masonry-item-no-image '><\/div><a href=\"https:\/\/divetramonto.com\/wp-content\/uploads\/2023\/01\/PlaviJadran_04.png-1030x572.jpg\"  aria-label=\"Bild PlaviJadran_04.png\"  id='av-masonry-1-item-1786' data-av-masonry-item='1786' class='av-masonry-entry isotope-item post-1786 attachment type-attachment status-inherit hentry  av-masonry-item-with-image' title=\"PlaviJadran_04.png\" alt=\"\"    itemprop=\"thumbnailUrl\" ><div class='av-inner-masonry-sizer'><\/div><figure class='av-inner-masonry main_color'><div class=\"av-masonry-outerimage-container\"><div class='av-masonry-image-container'  ><img decoding=\"async\" width=\"1191\" height=\"661\" fetchpriority=\"high\" class=\"wp-image-1786 avia-img-lazy-loading-not-1786\"  src=\"https:\/\/divetramonto.com\/wp-content\/uploads\/2023\/01\/PlaviJadran_04.png.jpg\" title=\"PlaviJadran_04.png\" alt=\"\" srcset=\"https:\/\/divetramonto.com\/wp-content\/uploads\/2023\/01\/PlaviJadran_04.png.jpg 1191w, https:\/\/divetramonto.com\/wp-content\/uploads\/2023\/01\/PlaviJadran_04.png-300x166.jpg 300w, https:\/\/divetramonto.com\/wp-content\/uploads\/2023\/01\/PlaviJadran_04.png-1030x572.jpg 1030w, https:\/\/divetramonto.com\/wp-content\/uploads\/2023\/01\/PlaviJadran_04.png-768x426.jpg 768w, https:\/\/divetramonto.com\/wp-content\/uploads\/2023\/01\/PlaviJadran_04.png-705x391.jpg 705w\" sizes=\"(max-width: 1191px) 100vw, 1191px\" \/><\/div><\/div><\/figure><\/a><!--end av-masonry entry--><a href=\"https:\/\/divetramonto.com\/wp-content\/uploads\/2023\/03\/plavi_jadran_02-1030x577.jpg\"  aria-label=\"Bild plavi_jadran_02\"  id='av-masonry-1-item-2059' data-av-masonry-item='2059' class='av-masonry-entry isotope-item post-2059 attachment type-attachment status-inherit hentry  av-masonry-item-with-image' title=\"plavi_jadran_02\" alt=\"\"    itemprop=\"thumbnailUrl\" ><div class='av-inner-masonry-sizer'><\/div><figure class='av-inner-masonry main_color'><div class=\"av-masonry-outerimage-container\"><div class='av-masonry-image-container'  ><img decoding=\"async\" width=\"1443\" height=\"809\" fetchpriority=\"high\" class=\"wp-image-2059 avia-img-lazy-loading-not-2059\"  src=\"https:\/\/divetramonto.com\/wp-content\/uploads\/2023\/03\/plavi_jadran_02.jpg\" title=\"plavi_jadran_02\" alt=\"\" srcset=\"https:\/\/divetramonto.com\/wp-content\/uploads\/2023\/03\/plavi_jadran_02.jpg 1443w, https:\/\/divetramonto.com\/wp-content\/uploads\/2023\/03\/plavi_jadran_02-300x168.jpg 300w, https:\/\/divetramonto.com\/wp-content\/uploads\/2023\/03\/plavi_jadran_02-1030x577.jpg 1030w, https:\/\/divetramonto.com\/wp-content\/uploads\/2023\/03\/plavi_jadran_02-768x431.jpg 768w, https:\/\/divetramonto.com\/wp-content\/uploads\/2023\/03\/plavi_jadran_02-705x395.jpg 705w\" sizes=\"(max-width: 1443px) 100vw, 1443px\" \/><\/div><\/div><\/figure><\/a><!--end av-masonry entry--><a href=\"https:\/\/divetramonto.com\/wp-content\/uploads\/2022\/05\/DiveTramonto-8.jpg\"  aria-label=\"Bild DiveTramonto (8)\"  id='av-masonry-1-item-1497' data-av-masonry-item='1497' class='av-masonry-entry isotope-item post-1497 attachment type-attachment status-inherit hentry  av-masonry-item-with-image' title=\"DiveTramonto (8)\" alt=\"\"    itemprop=\"thumbnailUrl\" ><div class='av-inner-masonry-sizer'><\/div><figure class='av-inner-masonry main_color'><div class=\"av-masonry-outerimage-container\"><div class='av-masonry-image-container'  ><img decoding=\"async\" width=\"932\" height=\"621\" fetchpriority=\"high\" class=\"wp-image-1497 avia-img-lazy-loading-not-1497\"  src=\"https:\/\/divetramonto.com\/wp-content\/uploads\/2022\/05\/DiveTramonto-8.jpg\" title=\"DiveTramonto (8)\" alt=\"\" srcset=\"https:\/\/divetramonto.com\/wp-content\/uploads\/2022\/05\/DiveTramonto-8.jpg 932w, https:\/\/divetramonto.com\/wp-content\/uploads\/2022\/05\/DiveTramonto-8-300x200.jpg 300w, https:\/\/divetramonto.com\/wp-content\/uploads\/2022\/05\/DiveTramonto-8-768x512.jpg 768w, https:\/\/divetramonto.com\/wp-content\/uploads\/2022\/05\/DiveTramonto-8-705x470.jpg 705w\" sizes=\"(max-width: 932px) 100vw, 932px\" \/><\/div><\/div><\/figure><\/a><!--end av-masonry entry--><a href=\"https:\/\/divetramonto.com\/wp-content\/uploads\/2023\/03\/Tramonto-Plavi-Jadran_b-1030x739.jpg\"  aria-label=\"Bild Tramonto-Plavi-Jadran_b\"  id='av-masonry-1-item-2141' data-av-masonry-item='2141' class='av-masonry-entry isotope-item post-2141 attachment type-attachment status-inherit hentry  av-masonry-item-with-image' title=\"Tramonto-Plavi-Jadran_b\" alt=\"\"    itemprop=\"thumbnailUrl\" ><div class='av-inner-masonry-sizer'><\/div><figure class='av-inner-masonry main_color'><div class=\"av-masonry-outerimage-container\"><div class='av-masonry-image-container'  ><img decoding=\"async\" width=\"1213\" height=\"870\" fetchpriority=\"high\" class=\"wp-image-2141 avia-img-lazy-loading-not-2141\"  src=\"https:\/\/divetramonto.com\/wp-content\/uploads\/2023\/03\/Tramonto-Plavi-Jadran_b.jpg\" title=\"Tramonto-Plavi-Jadran_b\" alt=\"\" srcset=\"https:\/\/divetramonto.com\/wp-content\/uploads\/2023\/03\/Tramonto-Plavi-Jadran_b.jpg 1213w, https:\/\/divetramonto.com\/wp-content\/uploads\/2023\/03\/Tramonto-Plavi-Jadran_b-300x215.jpg 300w, https:\/\/divetramonto.com\/wp-content\/uploads\/2023\/03\/Tramonto-Plavi-Jadran_b-1030x739.jpg 1030w, https:\/\/divetramonto.com\/wp-content\/uploads\/2023\/03\/Tramonto-Plavi-Jadran_b-768x551.jpg 768w, https:\/\/divetramonto.com\/wp-content\/uploads\/2023\/03\/Tramonto-Plavi-Jadran_b-260x185.jpg 260w, https:\/\/divetramonto.com\/wp-content\/uploads\/2023\/03\/Tramonto-Plavi-Jadran_b-705x506.jpg 705w\" sizes=\"(max-width: 1213px) 100vw, 1213px\" \/><\/div><\/div><\/figure><\/a><!--end av-masonry entry--><\/div><\/div>\n\n<style type=\"text\/css\" data-created_by=\"avia_inline_auto\" id=\"style-css-av-7enn5-215e4d3481fa7662664a65bd276ddabc\">\n.flex_column.av-7enn5-215e4d3481fa7662664a65bd276ddabc{\nborder-radius:0px 0px 0px 0px;\npadding:0px 0px 0px 0px;\n}\n<\/style>\n<div  class='flex_column av-7enn5-215e4d3481fa7662664a65bd276ddabc av_one_full  avia-builder-el-2  el_after_av_masonry_gallery  avia-builder-el-no-sibling  first flex_column_div av-zero-column-padding  '     ><style type=\"text\/css\" data-created_by=\"avia_inline_auto\" id=\"style-css-av-jrtsvo3n-66fdc8be18f6dc556f6e9ae9cfcd31bd\">\n#top .av_textblock_section.av-jrtsvo3n-66fdc8be18f6dc556f6e9ae9cfcd31bd .avia_textblock{\ntext-align:center;\n}\n<\/style>\n<section  class='av_textblock_section av-jrtsvo3n-66fdc8be18f6dc556f6e9ae9cfcd31bd '   itemscope=\"itemscope\" itemtype=\"https:\/\/schema.org\/CreativeWork\" ><div class='avia_textblock'  itemprop=\"text\" ><p>Das Schiff wurde 1952 auf der 3. Maj-Werft in Rijeka gebaut und diente zum Transport von Fracht, haupts\u00e4chlich Zement. Das 30 Meter lange Frachtschiff Plavi Jadran, das 2018 nach einer Kollision mit Jadrolinijas Tijata sank, liegt in 22 Metern Tiefe vor der K\u00fcste der Insel Prvi\u0107 auf dem Grund. Zum Zeitpunkt der Kollision befanden sich zwei Besatzungsmitglieder auf dem Frachtschiff, der Kapit\u00e4n und der Eigner des Schiffes, J.J. und ein Besatzungsmitglied, das von einem sinkenden Schiff ins Meer gesprungen ist. Ein Schiffbr\u00fcchiger wurde von einem Augenzeugen mit seinen S\u00f6hnen unversehrt aus dem Meer gezogen, w\u00e4hrend der andere an die K\u00fcste schwamm, wo beide von den Leuten von Prvi\u0107 behandelt wurden.<\/p>\n<\/div><\/section><\/div>\n","protected":false},"excerpt":{"rendered":"","protected":false},"author":2,"featured_media":1777,"parent":0,"menu_order":0,"comment_status":"closed","ping_status":"closed","template":"","meta":{"footnotes":""},"class_list":["post-1814","page","type-page","status-publish","has-post-thumbnail","hentry"],"yoast_head":"<!-- This site is optimized with the Yoast SEO Premium plugin v27.5 (Yoast SEO v27.5) - https:\/\/yoast.com\/product\/yoast-seo-premium-wordpress\/ -->\n<title>Schiffswrack &quot;Plavi Jadran&quot; - Tramonto Diving<\/title>\n<meta name=\"description\" content=\"Das Schiff wurde 1952 auf der 3. Maj-Werft in Rijeka gebaut und diente zum Transport von Fracht, haupts\u00e4chlich Zement. Das 30 Meter lange Frachtschiff Plavi Jadran, das 2018 nach einer Kollision mit Jadrolinijas Tijata sank, liegt in 22 Metern Tiefe vor der K\u00fcste der Insel Prvi\u0107 auf dem Grund.\" \/>\n<meta name=\"robots\" content=\"index, follow, max-snippet:-1, max-image-preview:large, max-video-preview:-1\" \/>\n<link rel=\"canonical\" href=\"https:\/\/divetramonto.com\/de\/schiffswrack-blaue-adria\/\" \/>\n<meta property=\"og:locale\" content=\"de_DE\" \/>\n<meta property=\"og:type\" content=\"article\" \/>\n<meta property=\"og:title\" content=\"Schiffswrack &quot;Plavi Jadran&quot;\" \/>\n<meta property=\"og:description\" content=\"Das Schiff wurde 1952 auf der 3. Maj-Werft in Rijeka gebaut und diente zum Transport von Fracht, haupts\u00e4chlich Zement. Das 30 Meter lange Frachtschiff Plavi Jadran, das 2018 nach einer Kollision mit Jadrolinijas Tijata sank, liegt in 22 Metern Tiefe vor der K\u00fcste der Insel Prvi\u0107 auf dem Grund.\" \/>\n<meta property=\"og:url\" content=\"https:\/\/divetramonto.com\/de\/schiffswrack-blaue-adria\/\" \/>\n<meta property=\"og:site_name\" content=\"Tramonto Diving\" \/>\n<meta property=\"article:publisher\" content=\"https:\/\/www.facebook.com\/DivingCenterTramonto\/\" \/>\n<meta property=\"article:modified_time\" content=\"2023-04-07T05:30:37+00:00\" \/>\n<meta property=\"og:image\" content=\"https:\/\/divetramonto.com\/wp-content\/uploads\/2023\/01\/PlaviJadran_01.png.jpg\" \/>\n\t<meta property=\"og:image:width\" content=\"1189\" \/>\n\t<meta property=\"og:image:height\" content=\"656\" \/>\n\t<meta property=\"og:image:type\" content=\"image\/jpeg\" \/>\n<meta name=\"twitter:card\" content=\"summary_large_image\" \/>\n<meta name=\"twitter:label1\" content=\"Gesch\u00e4tzte Lesezeit\" \/>\n\t<meta name=\"twitter:data1\" content=\"1\u00a0Minute\" \/>\n<script type=\"application\/ld+json\" class=\"yoast-schema-graph\">{\"@context\":\"https:\\\/\\\/schema.org\",\"@graph\":[{\"@type\":\"WebPage\",\"@id\":\"https:\\\/\\\/divetramonto.com\\\/de\\\/schiffswrack-blaue-adria\\\/\",\"url\":\"https:\\\/\\\/divetramonto.com\\\/de\\\/schiffswrack-blaue-adria\\\/\",\"name\":\"Schiffswrack \\\"Plavi Jadran\\\" - Tramonto Diving\",\"isPartOf\":{\"@id\":\"https:\\\/\\\/divetramonto.com\\\/de\\\/#website\"},\"primaryImageOfPage\":{\"@id\":\"https:\\\/\\\/divetramonto.com\\\/de\\\/schiffswrack-blaue-adria\\\/#primaryimage\"},\"image\":{\"@id\":\"https:\\\/\\\/divetramonto.com\\\/de\\\/schiffswrack-blaue-adria\\\/#primaryimage\"},\"thumbnailUrl\":\"https:\\\/\\\/divetramonto.com\\\/wp-content\\\/uploads\\\/2023\\\/01\\\/PlaviJadran_01.png.jpg\",\"datePublished\":\"2023-01-23T08:38:59+00:00\",\"dateModified\":\"2023-04-07T05:30:37+00:00\",\"description\":\"Das Schiff wurde 1952 auf der 3. Maj-Werft in Rijeka gebaut und diente zum Transport von Fracht, haupts\u00e4chlich Zement. Das 30 Meter lange Frachtschiff Plavi Jadran, das 2018 nach einer Kollision mit Jadrolinijas Tijata sank, liegt in 22 Metern Tiefe vor der K\u00fcste der Insel Prvi\u0107 auf dem Grund.\",\"breadcrumb\":{\"@id\":\"https:\\\/\\\/divetramonto.com\\\/de\\\/schiffswrack-blaue-adria\\\/#breadcrumb\"},\"inLanguage\":\"de\",\"potentialAction\":[{\"@type\":\"ReadAction\",\"target\":[\"https:\\\/\\\/divetramonto.com\\\/de\\\/schiffswrack-blaue-adria\\\/\"]}]},{\"@type\":\"ImageObject\",\"inLanguage\":\"de\",\"@id\":\"https:\\\/\\\/divetramonto.com\\\/de\\\/schiffswrack-blaue-adria\\\/#primaryimage\",\"url\":\"https:\\\/\\\/divetramonto.com\\\/wp-content\\\/uploads\\\/2023\\\/01\\\/PlaviJadran_01.png.jpg\",\"contentUrl\":\"https:\\\/\\\/divetramonto.com\\\/wp-content\\\/uploads\\\/2023\\\/01\\\/PlaviJadran_01.png.jpg\",\"width\":1189,\"height\":656},{\"@type\":\"BreadcrumbList\",\"@id\":\"https:\\\/\\\/divetramonto.com\\\/de\\\/schiffswrack-blaue-adria\\\/#breadcrumb\",\"itemListElement\":[{\"@type\":\"ListItem\",\"position\":1,\"name\":\"Home\",\"item\":\"https:\\\/\\\/divetramonto.com\\\/de\\\/\"},{\"@type\":\"ListItem\",\"position\":2,\"name\":\"Schiffswrack &#8220;Plavi Jadran&#8221;\"}]},{\"@type\":\"WebSite\",\"@id\":\"https:\\\/\\\/divetramonto.com\\\/de\\\/#website\",\"url\":\"https:\\\/\\\/divetramonto.com\\\/de\\\/\",\"name\":\"Tramonto Diving\",\"description\":\"Murter - Croatia\",\"publisher\":{\"@id\":\"https:\\\/\\\/divetramonto.com\\\/de\\\/#organization\"},\"potentialAction\":[{\"@type\":\"SearchAction\",\"target\":{\"@type\":\"EntryPoint\",\"urlTemplate\":\"https:\\\/\\\/divetramonto.com\\\/de\\\/?s={search_term_string}\"},\"query-input\":{\"@type\":\"PropertyValueSpecification\",\"valueRequired\":true,\"valueName\":\"search_term_string\"}}],\"inLanguage\":\"de\"},{\"@type\":[\"Organization\",\"Place\"],\"@id\":\"https:\\\/\\\/divetramonto.com\\\/de\\\/#organization\",\"name\":\"TRAMONTO DIVING\",\"alternateName\":\"TRAMONTO\",\"url\":\"https:\\\/\\\/divetramonto.com\\\/de\\\/\",\"logo\":{\"@id\":\"https:\\\/\\\/divetramonto.com\\\/de\\\/schiffswrack-blaue-adria\\\/#local-main-organization-logo\"},\"image\":{\"@id\":\"https:\\\/\\\/divetramonto.com\\\/de\\\/schiffswrack-blaue-adria\\\/#local-main-organization-logo\"},\"sameAs\":[\"https:\\\/\\\/www.facebook.com\\\/DivingCenterTramonto\\\/\",\"https:\\\/\\\/www.instagram.com\\\/divetramonto\\\/\"],\"description\":\"TRAMONTO DIVING\",\"address\":{\"@id\":\"https:\\\/\\\/divetramonto.com\\\/de\\\/schiffswrack-blaue-adria\\\/#local-main-place-address\"},\"geo\":{\"@type\":\"GeoCoordinates\",\"latitude\":\"43.7991737\",\"longitude\":\"15.340183\"},\"telephone\":[\"+385 98 843 233\"],\"contactPoint\":{\"@type\":\"ContactPoint\",\"telephone\":\"+385 98 843 233\",\"email\":\"divetramonto@divetramonto.com\"},\"openingHoursSpecification\":[{\"@type\":\"OpeningHoursSpecification\",\"dayOfWeek\":[\"Monday\",\"Tuesday\",\"Wednesday\",\"Thursday\",\"Friday\",\"Saturday\",\"Sunday\"],\"opens\":\"09:00\",\"closes\":\"18:00\"}],\"email\":\"divetramonto@divetramonto.com\",\"vatID\":\"HR31722441146\",\"taxID\":\"HR31722441146\"},{\"@type\":\"PostalAddress\",\"@id\":\"https:\\\/\\\/divetramonto.com\\\/de\\\/schiffswrack-blaue-adria\\\/#local-main-place-address\",\"streetAddress\":\"Stjepana Radi\u0107a 13\",\"addressLocality\":\"Tisno\",\"postalCode\":\"22240\",\"addressCountry\":\"HR\"},{\"@type\":\"ImageObject\",\"inLanguage\":\"de\",\"@id\":\"https:\\\/\\\/divetramonto.com\\\/de\\\/schiffswrack-blaue-adria\\\/#local-main-organization-logo\",\"url\":\"https:\\\/\\\/divetramonto.com\\\/wp-content\\\/uploads\\\/2019\\\/01\\\/tramonto-logo.png\",\"contentUrl\":\"https:\\\/\\\/divetramonto.com\\\/wp-content\\\/uploads\\\/2019\\\/01\\\/tramonto-logo.png\",\"width\":960,\"height\":960,\"caption\":\"TRAMONTO DIVING\"}]}<\/script>\n<meta name=\"geo.placename\" content=\"Tisno\" \/>\n<meta name=\"geo.position\" content=\"43.7991737;15.340183\" \/>\n<meta name=\"geo.region\" content=\"Kroatien\" \/>\n<!-- \/ Yoast SEO Premium plugin. -->","yoast_head_json":{"title":"Schiffswrack \"Plavi Jadran\" - Tramonto Diving","description":"Das Schiff wurde 1952 auf der 3. Maj-Werft in Rijeka gebaut und diente zum Transport von Fracht, haupts\u00e4chlich Zement. Das 30 Meter lange Frachtschiff Plavi Jadran, das 2018 nach einer Kollision mit Jadrolinijas Tijata sank, liegt in 22 Metern Tiefe vor der K\u00fcste der Insel Prvi\u0107 auf dem Grund.","robots":{"index":"index","follow":"follow","max-snippet":"max-snippet:-1","max-image-preview":"max-image-preview:large","max-video-preview":"max-video-preview:-1"},"canonical":"https:\/\/divetramonto.com\/de\/schiffswrack-blaue-adria\/","og_locale":"de_DE","og_type":"article","og_title":"Schiffswrack \"Plavi Jadran\"","og_description":"Das Schiff wurde 1952 auf der 3. Maj-Werft in Rijeka gebaut und diente zum Transport von Fracht, haupts\u00e4chlich Zement. Das 30 Meter lange Frachtschiff Plavi Jadran, das 2018 nach einer Kollision mit Jadrolinijas Tijata sank, liegt in 22 Metern Tiefe vor der K\u00fcste der Insel Prvi\u0107 auf dem Grund.","og_url":"https:\/\/divetramonto.com\/de\/schiffswrack-blaue-adria\/","og_site_name":"Tramonto Diving","article_publisher":"https:\/\/www.facebook.com\/DivingCenterTramonto\/","article_modified_time":"2023-04-07T05:30:37+00:00","og_image":[{"width":1189,"height":656,"url":"https:\/\/divetramonto.com\/wp-content\/uploads\/2023\/01\/PlaviJadran_01.png.jpg","type":"image\/jpeg"}],"twitter_card":"summary_large_image","twitter_misc":{"Gesch\u00e4tzte Lesezeit":"1\u00a0Minute"},"schema":{"@context":"https:\/\/schema.org","@graph":[{"@type":"WebPage","@id":"https:\/\/divetramonto.com\/de\/schiffswrack-blaue-adria\/","url":"https:\/\/divetramonto.com\/de\/schiffswrack-blaue-adria\/","name":"Schiffswrack \"Plavi Jadran\" - Tramonto Diving","isPartOf":{"@id":"https:\/\/divetramonto.com\/de\/#website"},"primaryImageOfPage":{"@id":"https:\/\/divetramonto.com\/de\/schiffswrack-blaue-adria\/#primaryimage"},"image":{"@id":"https:\/\/divetramonto.com\/de\/schiffswrack-blaue-adria\/#primaryimage"},"thumbnailUrl":"https:\/\/divetramonto.com\/wp-content\/uploads\/2023\/01\/PlaviJadran_01.png.jpg","datePublished":"2023-01-23T08:38:59+00:00","dateModified":"2023-04-07T05:30:37+00:00","description":"Das Schiff wurde 1952 auf der 3. Maj-Werft in Rijeka gebaut und diente zum Transport von Fracht, haupts\u00e4chlich Zement. Das 30 Meter lange Frachtschiff Plavi Jadran, das 2018 nach einer Kollision mit Jadrolinijas Tijata sank, liegt in 22 Metern Tiefe vor der K\u00fcste der Insel Prvi\u0107 auf dem Grund.","breadcrumb":{"@id":"https:\/\/divetramonto.com\/de\/schiffswrack-blaue-adria\/#breadcrumb"},"inLanguage":"de","potentialAction":[{"@type":"ReadAction","target":["https:\/\/divetramonto.com\/de\/schiffswrack-blaue-adria\/"]}]},{"@type":"ImageObject","inLanguage":"de","@id":"https:\/\/divetramonto.com\/de\/schiffswrack-blaue-adria\/#primaryimage","url":"https:\/\/divetramonto.com\/wp-content\/uploads\/2023\/01\/PlaviJadran_01.png.jpg","contentUrl":"https:\/\/divetramonto.com\/wp-content\/uploads\/2023\/01\/PlaviJadran_01.png.jpg","width":1189,"height":656},{"@type":"BreadcrumbList","@id":"https:\/\/divetramonto.com\/de\/schiffswrack-blaue-adria\/#breadcrumb","itemListElement":[{"@type":"ListItem","position":1,"name":"Home","item":"https:\/\/divetramonto.com\/de\/"},{"@type":"ListItem","position":2,"name":"Schiffswrack &#8220;Plavi Jadran&#8221;"}]},{"@type":"WebSite","@id":"https:\/\/divetramonto.com\/de\/#website","url":"https:\/\/divetramonto.com\/de\/","name":"Tramonto Diving","description":"Murter - Croatia","publisher":{"@id":"https:\/\/divetramonto.com\/de\/#organization"},"potentialAction":[{"@type":"SearchAction","target":{"@type":"EntryPoint","urlTemplate":"https:\/\/divetramonto.com\/de\/?s={search_term_string}"},"query-input":{"@type":"PropertyValueSpecification","valueRequired":true,"valueName":"search_term_string"}}],"inLanguage":"de"},{"@type":["Organization","Place"],"@id":"https:\/\/divetramonto.com\/de\/#organization","name":"TRAMONTO DIVING","alternateName":"TRAMONTO","url":"https:\/\/divetramonto.com\/de\/","logo":{"@id":"https:\/\/divetramonto.com\/de\/schiffswrack-blaue-adria\/#local-main-organization-logo"},"image":{"@id":"https:\/\/divetramonto.com\/de\/schiffswrack-blaue-adria\/#local-main-organization-logo"},"sameAs":["https:\/\/www.facebook.com\/DivingCenterTramonto\/","https:\/\/www.instagram.com\/divetramonto\/"],"description":"TRAMONTO DIVING","address":{"@id":"https:\/\/divetramonto.com\/de\/schiffswrack-blaue-adria\/#local-main-place-address"},"geo":{"@type":"GeoCoordinates","latitude":"43.7991737","longitude":"15.340183"},"telephone":["+385 98 843 233"],"contactPoint":{"@type":"ContactPoint","telephone":"+385 98 843 233","email":"divetramonto@divetramonto.com"},"openingHoursSpecification":[{"@type":"OpeningHoursSpecification","dayOfWeek":["Monday","Tuesday","Wednesday","Thursday","Friday","Saturday","Sunday"],"opens":"09:00","closes":"18:00"}],"email":"divetramonto@divetramonto.com","vatID":"HR31722441146","taxID":"HR31722441146"},{"@type":"PostalAddress","@id":"https:\/\/divetramonto.com\/de\/schiffswrack-blaue-adria\/#local-main-place-address","streetAddress":"Stjepana Radi\u0107a 13","addressLocality":"Tisno","postalCode":"22240","addressCountry":"HR"},{"@type":"ImageObject","inLanguage":"de","@id":"https:\/\/divetramonto.com\/de\/schiffswrack-blaue-adria\/#local-main-organization-logo","url":"https:\/\/divetramonto.com\/wp-content\/uploads\/2019\/01\/tramonto-logo.png","contentUrl":"https:\/\/divetramonto.com\/wp-content\/uploads\/2019\/01\/tramonto-logo.png","width":960,"height":960,"caption":"TRAMONTO DIVING"}]},"geo.placename":"Tisno","geo.position":{"lat":"43.7991737","long":"15.340183"},"geo.region":"Kroatien"},"_links":{"self":[{"href":"https:\/\/divetramonto.com\/de\/wp-json\/wp\/v2\/pages\/1814","targetHints":{"allow":["GET"]}}],"collection":[{"href":"https:\/\/divetramonto.com\/de\/wp-json\/wp\/v2\/pages"}],"about":[{"href":"https:\/\/divetramonto.com\/de\/wp-json\/wp\/v2\/types\/page"}],"author":[{"embeddable":true,"href":"https:\/\/divetramonto.com\/de\/wp-json\/wp\/v2\/users\/2"}],"replies":[{"embeddable":true,"href":"https:\/\/divetramonto.com\/de\/wp-json\/wp\/v2\/comments?post=1814"}],"version-history":[{"count":15,"href":"https:\/\/divetramonto.com\/de\/wp-json\/wp\/v2\/pages\/1814\/revisions"}],"predecessor-version":[{"id":2035,"href":"https:\/\/divetramonto.com\/de\/wp-json\/wp\/v2\/pages\/1814\/revisions\/2035"}],"wp:featuredmedia":[{"embeddable":true,"href":"https:\/\/divetramonto.com\/de\/wp-json\/wp\/v2\/media\/1777"}],"wp:attachment":[{"href":"https:\/\/divetramonto.com\/de\/wp-json\/wp\/v2\/media?parent=1814"}],"curies":[{"name":"wp","href":"https:\/\/api.w.org\/{rel}","templated":true}]}}